{"id":109,"date":"2024-05-07T12:21:07","date_gmt":"2024-05-07T17:21:07","guid":{"rendered":"https:\/\/radiocom.com.co\/?page_id=109"},"modified":"2025-07-11T15:21:04","modified_gmt":"2025-07-11T20:21:04","slug":"quienes-somos","status":"publish","type":"page","link":"https:\/\/radiocom.com.co\/en\/quienes-somos\/","title":{"rendered":"About us"},"content":{"rendered":"<div data-elementor-type=\"wp-page\" data-elementor-id=\"109\" class=\"elementor elementor-109\" data-elementor-post-type=\"page\">\n\t\t\t\t<div data-particle_enable=\"false\" data-particle-mobile-disabled=\"false\" class=\"elementor-element elementor-element-1743d534 e-con-full e-flex e-con e-parent\" data-id=\"1743d534\" data-element_type=\"container\" data-settings=\"{&quot;background_background&quot;:&quot;slideshow&quot;,&quot;background_slideshow_gallery&quot;:[{&quot;id&quot;:452,&quot;url&quot;:&quot;https:\\\/\\\/radiocom.com.co\\\/wp-content\\\/uploads\\\/trafico3.png&quot;},{&quot;id&quot;:652,&quot;url&quot;:&quot;https:\\\/\\\/radiocom.com.co\\\/wp-content\\\/uploads\\\/iluminacion-pistas-aterrizaje-banner-1-e1725950487191.webp&quot;},{&quot;id&quot;:913,&quot;url&quot;:&quot;https:\\\/\\\/radiocom.com.co\\\/wp-content\\\/uploads\\\/glass-fiber-7430903_1920.jpg&quot;},{&quot;id&quot;:743,&quot;url&quot;:&quot;https:\\\/\\\/radiocom.com.co\\\/wp-content\\\/uploads\\\/photo6.jpg&quot;},{&quot;id&quot;:777,&quot;url&quot;:&quot;https:\\\/\\\/radiocom.com.co\\\/wp-content\\\/uploads\\\/Avion-despegando-e1727133380700.jpg&quot;}],&quot;background_slideshow_transition_duration&quot;:600,&quot;background_slideshow_ken_burns&quot;:&quot;yes&quot;,&quot;background_slideshow_slide_duration&quot;:4000,&quot;background_slideshow_ken_burns_zoom_direction&quot;:&quot;out&quot;,&quot;background_slideshow_loop&quot;:&quot;yes&quot;,&quot;background_slideshow_slide_transition&quot;:&quot;fade&quot;}\">\n\t\t\t\t<\/div>\n\t\t<div data-particle_enable=\"false\" data-particle-mobile-disabled=\"false\" class=\"elementor-element elementor-element-4c3d7e2d e-flex e-con-boxed e-con e-parent\" data-id=\"4c3d7e2d\" data-element_type=\"container\">\n\t\t\t\t\t<div class=\"e-con-inner\">\n\t\t<div data-particle_enable=\"false\" data-particle-mobile-disabled=\"false\" class=\"elementor-element elementor-element-77257d4f e-con-full e-flex e-con e-child\" data-id=\"77257d4f\" data-element_type=\"container\">\n\t\t\t\t<div class=\"elementor-element elementor-element-4aeba2c5 elementor-widget elementor-widget-text-editor\" data-id=\"4aeba2c5\" data-element_type=\"widget\" data-widget_type=\"text-editor.default\">\n\t\t\t\t<div class=\"elementor-widget-container\">\n\t\t\t\t\t\t\t\t\t<p><strong>About Us<\/strong><\/p>\n<p class=\"translation-block\">At Radiocom SAS, we specialize in offering state-of-the-art solutions in the field of <strong>aeronautical telecommunications<\/strong>. With a highly trained and experienced team, our company is distinguished by its innovation and commitment in the development and implementation of <strong>efficient, safe and reliable solutions<\/strong> in aeronautical environments.<\/p>\n<p>Likewise, thanks to the adoption of new technologies and continuous improvement, we provide our clients with high quality services adapted to current demands and national and international regulations.<\/p>\n<p class=\"translation-block\">With a track record of more than<strong> 65 years<\/strong>, Radiocom has successfully executed projects in the areas of <strong>ATC<\/strong> (Air Traffic Control) and <strong>ATM<\/strong> (Air Traffic Management), fully meeting the expectations of its customers.<\/p>\t\t\t\t\t\t\t\t<\/div>\n\t\t\t\t<\/div>\n\t\t\t\t<\/div>\n\t\t<div data-particle_enable=\"false\" data-particle-mobile-disabled=\"false\" class=\"elementor-element elementor-element-707964b6 e-con-full e-flex e-con e-child\" data-id=\"707964b6\" data-element_type=\"container\">\n\t\t\t\t<div class=\"elementor-element elementor-element-75cf94a0 elementor-widget elementor-widget-image\" data-id=\"75cf94a0\" data-element_type=\"widget\" data-widget_type=\"image.default\">\n\t\t\t\t<div class=\"elementor-widget-container\">\n\t\t\t\t\t\t\t\t\t\t\t\t\t\t\t<img fetchpriority=\"high\" decoding=\"async\" width=\"1920\" height=\"1440\" src=\"https:\/\/radiocom.com.co\/wp-content\/uploads\/imagen-1-scaled.webp\" class=\"attachment-full size-full wp-image-1565\" alt=\"Quienes somos - Personal capacitado realizando instalaciones.\" srcset=\"https:\/\/radiocom.com.co\/wp-content\/uploads\/imagen-1-scaled.webp 1920w, https:\/\/radiocom.com.co\/wp-content\/uploads\/imagen-1-scaled-500x375.webp 500w, https:\/\/radiocom.com.co\/wp-content\/uploads\/imagen-1-300x225.webp 300w, https:\/\/radiocom.com.co\/wp-content\/uploads\/imagen-1-1024x768.webp 1024w, https:\/\/radiocom.com.co\/wp-content\/uploads\/imagen-1-768x576.webp 768w, https:\/\/radiocom.com.co\/wp-content\/uploads\/imagen-1-1536x1152.webp 1536w, https:\/\/radiocom.com.co\/wp-content\/uploads\/imagen-1-16x12.webp 16w\" sizes=\"(max-width: 1920px) 100vw, 1920px\" \/>\t\t\t\t\t\t\t\t\t\t\t\t\t\t\t<\/div>\n\t\t\t\t<\/div>\n\t\t\t\t<\/div>\n\t\t\t\t\t<\/div>\n\t\t\t\t<\/div>\n\t\t<div data-particle_enable=\"false\" data-particle-mobile-disabled=\"false\" class=\"elementor-element elementor-element-72009b1 e-flex e-con-boxed e-con e-parent\" data-id=\"72009b1\" data-element_type=\"container\">\n\t\t\t\t\t<div class=\"e-con-inner\">\n\t\t\t\t<div class=\"elementor-element elementor-element-56b1743 elementor-widget elementor-widget-heading\" data-id=\"56b1743\" data-element_type=\"widget\" data-widget_type=\"heading.default\">\n\t\t\t\t<div class=\"elementor-widget-container\">\n\t\t\t\t\t<h2 class=\"elementor-heading-title elementor-size-default\">Mission and Vision<\/h2>\t\t\t\t<\/div>\n\t\t\t\t<\/div>\n\t\t\t\t<div class=\"elementor-element elementor-element-95e52ec elementor-widget-divider--view-line elementor-widget elementor-widget-divider\" data-id=\"95e52ec\" data-element_type=\"widget\" data-widget_type=\"divider.default\">\n\t\t\t\t<div class=\"elementor-widget-container\">\n\t\t\t\t\t\t\t<div class=\"elementor-divider\">\n\t\t\t<span class=\"elementor-divider-separator\">\n\t\t\t\t\t\t<\/span>\n\t\t<\/div>\n\t\t\t\t\t\t<\/div>\n\t\t\t\t<\/div>\n\t\t\t\t\t<\/div>\n\t\t\t\t<\/div>\n\t\t<div data-particle_enable=\"false\" data-particle-mobile-disabled=\"false\" class=\"elementor-element elementor-element-b94a03f e-flex e-con-boxed e-con e-parent\" data-id=\"b94a03f\" data-element_type=\"container\" data-settings=\"{&quot;background_background&quot;:&quot;classic&quot;}\">\n\t\t\t\t\t<div class=\"e-con-inner\">\n\t\t<div data-particle_enable=\"false\" data-particle-mobile-disabled=\"false\" class=\"elementor-element elementor-element-2a00f9c e-con-full e-flex e-con e-child\" data-id=\"2a00f9c\" data-element_type=\"container\" data-settings=\"{&quot;background_background&quot;:&quot;classic&quot;}\">\n\t\t\t\t<div class=\"elementor-element elementor-element-3444bc3 elementor-widget elementor-widget-image\" data-id=\"3444bc3\" data-element_type=\"widget\" data-widget_type=\"image.default\">\n\t\t\t\t<div class=\"elementor-widget-container\">\n\t\t\t\t\t\t\t\t\t\t\t\t\t\t\t<img decoding=\"async\" width=\"800\" height=\"800\" src=\"https:\/\/radiocom.com.co\/wp-content\/uploads\/imagen-2.webp\" class=\"attachment-large size-large wp-image-1566\" alt=\"Quienes somos - mision y vision\" srcset=\"https:\/\/radiocom.com.co\/wp-content\/uploads\/imagen-2.webp 1024w, https:\/\/radiocom.com.co\/wp-content\/uploads\/imagen-2-200x200.webp 200w, https:\/\/radiocom.com.co\/wp-content\/uploads\/imagen-2-100x100.webp 100w, https:\/\/radiocom.com.co\/wp-content\/uploads\/imagen-2-500x500.webp 500w, https:\/\/radiocom.com.co\/wp-content\/uploads\/imagen-2-300x300.webp 300w, https:\/\/radiocom.com.co\/wp-content\/uploads\/imagen-2-150x150.webp 150w, https:\/\/radiocom.com.co\/wp-content\/uploads\/imagen-2-768x768.webp 768w, https:\/\/radiocom.com.co\/wp-content\/uploads\/imagen-2-12x12.webp 12w\" sizes=\"(max-width: 800px) 100vw, 800px\" \/>\t\t\t\t\t\t\t\t\t\t\t\t\t\t\t<\/div>\n\t\t\t\t<\/div>\n\t\t\t\t<\/div>\n\t\t<div data-particle_enable=\"false\" data-particle-mobile-disabled=\"false\" class=\"elementor-element elementor-element-1b4577d e-con-full e-flex e-con e-child\" data-id=\"1b4577d\" data-element_type=\"container\" data-settings=\"{&quot;background_background&quot;:&quot;classic&quot;}\">\n\t\t\t\t<div class=\"elementor-element elementor-element-4ff0139 elementor-widget elementor-widget-text-editor\" data-id=\"4ff0139\" data-element_type=\"widget\" data-widget_type=\"text-editor.default\">\n\t\t\t\t<div class=\"elementor-widget-container\">\n\t\t\t\t\t\t\t\t\t<p><strong>Mission<\/strong><\/p><p class=\"translation-block\">En <strong data-start=\"31\" data-end=\"47\">Radiocom SAS<\/strong>, we develop solutions in aeronautical telecommunications, guaranteeing secure and efficient communications in ATC and ATM. With more than 65 years of experience and an expert team, we offer high quality services, complying with international standards and ensuring customer satisfaction.<\/p><p><strong>Vision:<\/strong><\/p><p>To be leaders in aeronautical telecommunications and fiber optics in Colombia, recognized for excellence and innovation. We will consolidate our position as a benchmark in ATC and ATM, promoting a safer, more efficient and globally connected aeronautical industry.<\/p>\t\t\t\t\t\t\t\t<\/div>\n\t\t\t\t<\/div>\n\t\t\t\t<\/div>\n\t\t\t\t\t<\/div>\n\t\t\t\t<\/div>\n\t\t<div data-particle_enable=\"false\" data-particle-mobile-disabled=\"false\" class=\"elementor-element elementor-element-53e9000 e-flex e-con-boxed e-con e-parent\" data-id=\"53e9000\" data-element_type=\"container\">\n\t\t\t\t\t<div class=\"e-con-inner\">\n\t\t<div data-particle_enable=\"false\" data-particle-mobile-disabled=\"false\" class=\"elementor-element elementor-element-9720b70 e-con-full e-flex e-con e-child\" data-id=\"9720b70\" data-element_type=\"container\">\n\t\t\t\t<div class=\"elementor-element elementor-element-3c0b036 elementor-widget-divider--view-line elementor-widget elementor-widget-divider\" data-id=\"3c0b036\" data-element_type=\"widget\" data-widget_type=\"divider.default\">\n\t\t\t\t<div class=\"elementor-widget-container\">\n\t\t\t\t\t\t\t<div class=\"elementor-divider\">\n\t\t\t<span class=\"elementor-divider-separator\">\n\t\t\t\t\t\t<\/span>\n\t\t<\/div>\n\t\t\t\t\t\t<\/div>\n\t\t\t\t<\/div>\n\t\t\t\t<div class=\"elementor-element elementor-element-a0ab3e5 elementor-widget elementor-widget-text-editor\" data-id=\"a0ab3e5\" data-element_type=\"widget\" data-widget_type=\"text-editor.default\">\n\t\t\t\t<div class=\"elementor-widget-container\">\n\t\t\t\t\t\t\t\t\t<p style=\"text-align: center;\">On the other hand, at Radiocom we continue to lead the way in technological innovation, for this reason, we have expanded our portfolio with <strong>fiber optic solutions<\/strong> that meet the highest standards of quality and performance.<\/p>\t\t\t\t\t\t\t\t<\/div>\n\t\t\t\t<\/div>\n\t\t\t\t<\/div>\n\t\t\t\t\t<\/div>\n\t\t\t\t<\/div>\n\t\t<div data-particle_enable=\"false\" data-particle-mobile-disabled=\"false\" class=\"elementor-element elementor-element-defd6b6 e-flex e-con-boxed e-con e-parent\" data-id=\"defd6b6\" data-element_type=\"container\">\n\t\t\t\t\t<div class=\"e-con-inner\">\n\t\t<div data-particle_enable=\"false\" data-particle-mobile-disabled=\"false\" class=\"elementor-element elementor-element-23545b4 e-con-full e-flex e-con e-child\" data-id=\"23545b4\" data-element_type=\"container\" data-settings=\"{&quot;background_background&quot;:&quot;gradient&quot;}\">\n\t\t\t\t<div class=\"elementor-element elementor-element-861bab2 elementor-widget elementor-widget-text-editor\" data-id=\"861bab2\" data-element_type=\"widget\" data-widget_type=\"text-editor.default\">\n\t\t\t\t<div class=\"elementor-widget-container\">\n\t\t\t\t\t\t\t\t\t<p style=\"text-align: center;\"><strong>Do you want to know more<\/strong><\/p><p style=\"text-align: center;\"><strong>about our products?<\/strong><\/p>\t\t\t\t\t\t\t\t<\/div>\n\t\t\t\t<\/div>\n\t\t\t\t<div class=\"elementor-element elementor-element-f973e36 elementor-align-center elementor-widget elementor-widget-button\" data-id=\"f973e36\" data-element_type=\"widget\" data-widget_type=\"button.default\">\n\t\t\t\t<div class=\"elementor-widget-container\">\n\t\t\t\t\t\t\t\t\t<div class=\"elementor-button-wrapper\">\n\t\t\t\t\t<a class=\"elementor-button elementor-button-link elementor-size-sm\" href=\"https:\/\/radiocom.com.co\/en\/tienda\/\">\n\t\t\t\t\t\t<span class=\"elementor-button-content-wrapper\">\n\t\t\t\t\t\t\t\t\t<span class=\"elementor-button-text\">Online store<\/span>\n\t\t\t\t\t<\/span>\n\t\t\t\t\t<\/a>\n\t\t\t\t<\/div>\n\t\t\t\t\t\t\t\t<\/div>\n\t\t\t\t<\/div>\n\t\t\t\t<\/div>\n\t\t<div data-particle_enable=\"false\" data-particle-mobile-disabled=\"false\" class=\"elementor-element elementor-element-ba33509 e-con-full e-flex e-con e-child\" data-id=\"ba33509\" data-element_type=\"container\" data-settings=\"{&quot;background_background&quot;:&quot;gradient&quot;}\">\n\t\t\t\t<div class=\"elementor-element elementor-element-17cb95f elementor-widget elementor-widget-text-editor\" data-id=\"17cb95f\" data-element_type=\"widget\" data-widget_type=\"text-editor.default\">\n\t\t\t\t<div class=\"elementor-widget-container\">\n\t\t\t\t\t\t\t\t\t<p style=\"text-align: center;\"><strong>Do you have any doubts?<\/strong><\/p><p style=\"text-align: center;\"><strong>Write to us!<\/strong><\/p>\t\t\t\t\t\t\t\t<\/div>\n\t\t\t\t<\/div>\n\t\t\t\t<div class=\"elementor-element elementor-element-67d2473 elementor-align-center elementor-widget elementor-widget-button\" data-id=\"67d2473\" data-element_type=\"widget\" data-widget_type=\"button.default\">\n\t\t\t\t<div class=\"elementor-widget-container\">\n\t\t\t\t\t\t\t\t\t<div class=\"elementor-button-wrapper\">\n\t\t\t\t\t<a class=\"elementor-button elementor-button-link elementor-size-sm\" href=\"https:\/\/radiocom.com.co\/en\/contactenos\/\">\n\t\t\t\t\t\t<span class=\"elementor-button-content-wrapper\">\n\t\t\t\t\t\t\t\t\t<span class=\"elementor-button-text\">Contact us<\/span>\n\t\t\t\t\t<\/span>\n\t\t\t\t\t<\/a>\n\t\t\t\t<\/div>\n\t\t\t\t\t\t\t\t<\/div>\n\t\t\t\t<\/div>\n\t\t\t\t<\/div>\n\t\t\t\t\t<\/div>\n\t\t\t\t<\/div>\n\t\t<div data-particle_enable=\"false\" data-particle-mobile-disabled=\"false\" class=\"elementor-element elementor-element-3a75992 e-flex e-con-boxed e-con e-parent\" data-id=\"3a75992\" data-element_type=\"container\">\n\t\t\t\t\t<div class=\"e-con-inner\">\n\t\t\t\t<div class=\"elementor-element elementor-element-c99abbf elementor-widget-divider--view-line elementor-widget elementor-widget-divider\" data-id=\"c99abbf\" data-element_type=\"widget\" data-widget_type=\"divider.default\">\n\t\t\t\t<div class=\"elementor-widget-container\">\n\t\t\t\t\t\t\t<div class=\"elementor-divider\">\n\t\t\t<span class=\"elementor-divider-separator\">\n\t\t\t\t\t\t<\/span>\n\t\t<\/div>\n\t\t\t\t\t\t<\/div>\n\t\t\t\t<\/div>\n\t\t\t\t\t<\/div>\n\t\t\t\t<\/div>\n\t\t<div data-particle_enable=\"false\" data-particle-mobile-disabled=\"false\" class=\"elementor-element elementor-element-95000b4 e-flex e-con-boxed e-con e-parent\" data-id=\"95000b4\" data-element_type=\"container\">\n\t\t\t\t\t<div class=\"e-con-inner\">\n\t\t\t\t<div class=\"elementor-element elementor-element-1563601 e-grid-align-right elementor-shape-rounded elementor-grid-0 elementor-widget elementor-widget-social-icons\" data-id=\"1563601\" data-element_type=\"widget\" data-widget_type=\"social-icons.default\">\n\t\t\t\t<div class=\"elementor-widget-container\">\n\t\t\t\t\t\t\t<div class=\"elementor-social-icons-wrapper elementor-grid\" role=\"list\">\n\t\t\t\t\t\t\t<span class=\"elementor-grid-item\" role=\"listitem\">\n\t\t\t\t\t<a class=\"elementor-icon elementor-social-icon elementor-social-icon-facebook elementor-repeater-item-93d33c1\" href=\"https:\/\/www.facebook.com\/share\/15VYjfVewQ\/\" target=\"_blank\" rel=\"noopener\">\n\t\t\t\t\t\t<span class=\"elementor-screen-only\">Facebook<\/span>\n\t\t\t\t\t\t<i aria-hidden=\"true\" class=\"fab fa-facebook\"><\/i>\t\t\t\t\t<\/a>\n\t\t\t\t<\/span>\n\t\t\t\t\t\t\t<span class=\"elementor-grid-item\" role=\"listitem\">\n\t\t\t\t\t<a class=\"elementor-icon elementor-social-icon elementor-social-icon-linkedin elementor-repeater-item-7bae488\" href=\"https:\/\/www.linkedin.com\/company\/radiocom-sas\/\" target=\"_blank\" rel=\"noopener\">\n\t\t\t\t\t\t<span class=\"elementor-screen-only\">Linkedin<\/span>\n\t\t\t\t\t\t<i aria-hidden=\"true\" class=\"fab fa-linkedin\"><\/i>\t\t\t\t\t<\/a>\n\t\t\t\t<\/span>\n\t\t\t\t\t\t\t<span class=\"elementor-grid-item\" role=\"listitem\">\n\t\t\t\t\t<a class=\"elementor-icon elementor-social-icon elementor-social-icon-instagram elementor-repeater-item-f847e56\" href=\"https:\/\/www.instagram.com\/radiocom_sas?igsh=MWx6NmI4OWRqMzU1ZQ==\" target=\"_blank\" rel=\"noopener\">\n\t\t\t\t\t\t<span class=\"elementor-screen-only\">Instagram<\/span>\n\t\t\t\t\t\t<i aria-hidden=\"true\" class=\"fab fa-instagram\"><\/i>\t\t\t\t\t<\/a>\n\t\t\t\t<\/span>\n\t\t\t\t\t<\/div>\n\t\t\t\t\t\t<\/div>\n\t\t\t\t<\/div>\n\t\t\t\t\t<\/div>\n\t\t\t\t<\/div>\n\t\t\t\t<\/div>","protected":false},"excerpt":{"rendered":"<p>\u00bfQuienes Somos? En Radiocom SAS, nos especializamos en ofrecer soluciones de vanguardia en el campo de las telecomunicaciones aeron\u00e1uticas. Con un equipo altamente capacitado y con amplia experiencia, nuestra empresa se distingue por su innovaci\u00f3n y compromiso en el desarrollo e implementaci\u00f3n de soluciones eficientes, seguras y confiables en entornos aeron\u00e1uticos. Asimismo, gracias a la [&hellip;]<\/p>","protected":false},"author":1,"featured_media":0,"parent":0,"menu_order":0,"comment_status":"closed","ping_status":"closed","template":"elementor_header_footer","meta":{"_joinchat":[],"footnotes":""},"class_list":["post-109","page","type-page","status-publish","hentry"],"_hostinger_reach_plugin_has_subscription_block":false,"_hostinger_reach_plugin_is_elementor":false,"_links":{"self":[{"href":"https:\/\/radiocom.com.co\/en\/wp-json\/wp\/v2\/pages\/109","targetHints":{"allow":["GET"]}}],"collection":[{"href":"https:\/\/radiocom.com.co\/en\/wp-json\/wp\/v2\/pages"}],"about":[{"href":"https:\/\/radiocom.com.co\/en\/wp-json\/wp\/v2\/types\/page"}],"author":[{"embeddable":true,"href":"https:\/\/radiocom.com.co\/en\/wp-json\/wp\/v2\/users\/1"}],"replies":[{"embeddable":true,"href":"https:\/\/radiocom.com.co\/en\/wp-json\/wp\/v2\/comments?post=109"}],"version-history":[{"count":81,"href":"https:\/\/radiocom.com.co\/en\/wp-json\/wp\/v2\/pages\/109\/revisions"}],"predecessor-version":[{"id":2393,"href":"https:\/\/radiocom.com.co\/en\/wp-json\/wp\/v2\/pages\/109\/revisions\/2393"}],"wp:attachment":[{"href":"https:\/\/radiocom.com.co\/en\/wp-json\/wp\/v2\/media?parent=109"}],"curies":[{"name":"wp","href":"https:\/\/api.w.org\/{rel}","templated":true}]}}