{"id":112,"date":"2024-05-07T12:21:35","date_gmt":"2024-05-07T17:21:35","guid":{"rendered":"https:\/\/radiocom.com.co\/?page_id=112"},"modified":"2025-07-11T15:32:05","modified_gmt":"2025-07-11T20:32:05","slug":"servicios-radiocom","status":"publish","type":"page","link":"https:\/\/radiocom.com.co\/en\/servicios-radiocom\/","title":{"rendered":"Services"},"content":{"rendered":"<div data-elementor-type=\"wp-page\" data-elementor-id=\"112\" class=\"elementor elementor-112\" data-elementor-post-type=\"page\">\n\t\t\t\t<div data-particle_enable=\"false\" data-particle-mobile-disabled=\"false\" class=\"elementor-element elementor-element-3a710cc8 e-con-full e-flex e-con e-parent\" data-id=\"3a710cc8\" data-element_type=\"container\" data-e-type=\"container\" data-settings=\"{&quot;background_background&quot;:&quot;classic&quot;}\">\n\t\t\t\t<\/div>\n\t\t<div data-particle_enable=\"false\" data-particle-mobile-disabled=\"false\" class=\"elementor-element elementor-element-3558b9e e-flex e-con-boxed e-con e-parent\" data-id=\"3558b9e\" data-element_type=\"container\" data-e-type=\"container\">\n\t\t\t\t\t<div class=\"e-con-inner\">\n\t\t\t\t<div class=\"elementor-element elementor-element-ee8988f elementor-widget-divider--view-line elementor-widget elementor-widget-divider\" data-id=\"ee8988f\" data-element_type=\"widget\" data-e-type=\"widget\" data-widget_type=\"divider.default\">\n\t\t\t\t<div class=\"elementor-widget-container\">\n\t\t\t\t\t\t\t<div class=\"elementor-divider\">\n\t\t\t<span class=\"elementor-divider-separator\">\n\t\t\t\t\t\t<\/span>\n\t\t<\/div>\n\t\t\t\t\t\t<\/div>\n\t\t\t\t<\/div>\n\t\t\t\t<div class=\"elementor-element elementor-element-be493bb elementor-widget elementor-widget-text-editor\" data-id=\"be493bb\" data-element_type=\"widget\" data-e-type=\"widget\" data-widget_type=\"text-editor.default\">\n\t\t\t\t<div class=\"elementor-widget-container\">\n\t\t\t\t\t\t\t\t\t<p style=\"text-align: center;\">At Radiocom SAS, we offer state-of-the-art telecommunications solutions. Our <strong data-start=\"227\" data-end=\"252\">Radiocom SAS Services<\/strong> are designed to guarantee efficient and secure connectivity, adapting to the needs of each customer.<\/p><p style=\"text-align: center;\">\u00a0Discover how we can optimize your infrastructure with innovative technology and specialized support.<\/p>\t\t\t\t\t\t\t\t<\/div>\n\t\t\t\t<\/div>\n\t\t\t\t<div class=\"elementor-element elementor-element-d068739 elementor-view-default elementor-widget elementor-widget-icon\" data-id=\"d068739\" data-element_type=\"widget\" data-e-type=\"widget\" data-widget_type=\"icon.default\">\n\t\t\t\t<div class=\"elementor-widget-container\">\n\t\t\t\t\t\t\t<div class=\"elementor-icon-wrapper\">\n\t\t\t<div class=\"elementor-icon\">\n\t\t\t<i aria-hidden=\"true\" class=\"far fa-arrow-alt-circle-down\"><\/i>\t\t\t<\/div>\n\t\t<\/div>\n\t\t\t\t\t\t<\/div>\n\t\t\t\t<\/div>\n\t\t\t\t<div class=\"elementor-element elementor-element-9489fb6 elementor--h-position-center elementor--v-position-middle elementor-arrows-position-inside elementor-pagination-position-inside elementor-widget elementor-widget-slides\" data-id=\"9489fb6\" data-element_type=\"widget\" data-e-type=\"widget\" data-settings=\"{&quot;navigation&quot;:&quot;both&quot;,&quot;autoplay&quot;:&quot;yes&quot;,&quot;pause_on_hover&quot;:&quot;yes&quot;,&quot;pause_on_interaction&quot;:&quot;yes&quot;,&quot;autoplay_speed&quot;:5000,&quot;infinite&quot;:&quot;yes&quot;,&quot;transition&quot;:&quot;slide&quot;,&quot;transition_speed&quot;:500}\" data-widget_type=\"slides.default\">\n\t\t\t\t<div class=\"elementor-widget-container\">\n\t\t\t\t\t\t\t\t\t<div class=\"elementor-swiper\">\n\t\t\t\t\t<div class=\"elementor-slides-wrapper elementor-main-swiper swiper\" role=\"region\" aria-roledescription=\"carousel\" aria-label=\"Slides\" dir=\"ltr\" data-animation=\"fadeInUp\">\n\t\t\t\t<div class=\"swiper-wrapper elementor-slides\">\n\t\t\t\t\t\t\t\t\t\t<div class=\"elementor-repeater-item-853d3a0 swiper-slide\" role=\"group\" aria-roledescription=\"slide\"><div class=\"swiper-slide-bg\" role=\"img\"><\/div><div class=\"swiper-slide-inner\" ><div class=\"swiper-slide-contents\"><div class=\"elementor-slide-heading\">Air Traffic Control<\/div><div class=\"elementor-slide-description\">We ensure safety and efficiency in airspace management with our advanced air traffic control solutions.<\/div><a href=\"https:\/\/radiocom.com.co\/en\/servicios\/control-de-trafico-aereo\/\" class=\"elementor-button elementor-slide-button elementor-size-sm\">Find out more!<\/a><\/div><\/div><\/div><div class=\"elementor-repeater-item-97b41b0 swiper-slide\" role=\"group\" aria-roledescription=\"slide\"><div class=\"swiper-slide-bg\" role=\"img\"><\/div><div class=\"swiper-slide-inner\" ><div class=\"swiper-slide-contents\"><div class=\"elementor-slide-heading\">Experiences in Meteorology Systems<\/div><div class=\"elementor-slide-description\">We offer advanced solutions in meteorology systems for the accurate monitoring of weather conditions in real time.<\/div><a href=\"https:\/\/radiocom.com.co\/en\/servicios\/sistemas-de-meteorologia\/\" class=\"elementor-button elementor-slide-button elementor-size-sm\">Find out more!<\/a><\/div><\/div><\/div><div class=\"elementor-repeater-item-b48dab4 swiper-slide\" role=\"group\" aria-roledescription=\"slide\"><div class=\"swiper-slide-bg\" role=\"img\"><\/div><div class=\"swiper-slide-inner\" ><div class=\"swiper-slide-contents\"><div class=\"elementor-slide-heading\">Beaconing and obstruction lights<\/div><div class=\"elementor-slide-description\">We provide specialized solutions in beaconing and obstruction lights to ensure safety at airports, heliports, infrastructure and high-rise buildings.<\/div><a href=\"https:\/\/radiocom.com.co\/en\/servicios\/balizamiento-y-luces-de-obstruccion\/\" class=\"elementor-button elementor-slide-button elementor-size-sm\">Find out more!<\/a><\/div><\/div><\/div>\t\t\t\t<\/div>\n\t\t\t\t\t\t\t\t\t\t\t\t\t\t\t<div class=\"elementor-swiper-button elementor-swiper-button-prev\" role=\"button\" tabindex=\"0\" aria-label=\"Previous slide\">\n\t\t\t\t\t\t\t<i aria-hidden=\"true\" class=\"eicon-chevron-left\"><\/i>\t\t\t\t\t\t<\/div>\n\t\t\t\t\t\t<div class=\"elementor-swiper-button elementor-swiper-button-next\" role=\"button\" tabindex=\"0\" aria-label=\"Next slide\">\n\t\t\t\t\t\t\t<i aria-hidden=\"true\" class=\"eicon-chevron-right\"><\/i>\t\t\t\t\t\t<\/div>\n\t\t\t\t\t\t\t\t\t\t\t\t\t\t\t\t<div class=\"swiper-pagination\"><\/div>\n\t\t\t\t\t\t\t\t\t\t\t\t<\/div>\n\t\t\t\t<\/div>\n\t\t\t\t\t\t\t\t<\/div>\n\t\t\t\t<\/div>\n\t\t\t\t\t<\/div>\n\t\t\t\t<\/div>\n\t\t<div data-particle_enable=\"false\" data-particle-mobile-disabled=\"false\" class=\"elementor-element elementor-element-2ae63f6 e-flex e-con-boxed e-con e-parent\" data-id=\"2ae63f6\" data-element_type=\"container\" data-e-type=\"container\">\n\t\t\t\t\t<div class=\"e-con-inner\">\n\t\t<div data-particle_enable=\"false\" data-particle-mobile-disabled=\"false\" class=\"elementor-element elementor-element-82a345d e-con-full e-flex e-con e-child\" data-id=\"82a345d\" data-element_type=\"container\" data-e-type=\"container\">\n\t\t\t\t<div class=\"elementor-element elementor-element-7e84742 elementor-widget elementor-widget-text-editor\" data-id=\"7e84742\" data-element_type=\"widget\" data-e-type=\"widget\" data-widget_type=\"text-editor.default\">\n\t\t\t\t<div class=\"elementor-widget-container\">\n\t\t\t\t\t\t\t\t\t<p class=\"\" data-start=\"442\" data-end=\"795\">Us <strong data-start=\"612\" data-end=\"641\">Radiocom SAS Services<\/strong> are designed to ensure a <strong data-start=\"678\" data-end=\"722\">secure, stable and efficient connectivity<\/strong>, adapting to the technical and operational requirements of each client.<\/p><p class=\"\" data-start=\"797\" data-end=\"1084\">We have an extensive experience in the installation and maintenance of <strong data-start=\"870\" data-end=\"967\">VHF\/UHF systems, radio links, FTTH networks, single-mode and multimode fiber optic solutions<\/strong>, This allows us to provide comprehensive support, from design to implementation and after-sales support.<\/p><p class=\"\" data-start=\"1086\" data-end=\"1464\">Our technical infrastructure and our highly trained team allow us to attend projects of different scales in airports, control centers, communications towers, private companies and public sector entities. We use state-of-the-art technology and certified components to ensure compliance with national and international regulations.<\/p><p class=\"\" data-start=\"1466\" data-end=\"1633\">In addition, Radiocom provides personalized consulting, remote support and technology upgrade services that strengthen the operation and continuity of your network.<\/p>\t\t\t\t\t\t\t\t<\/div>\n\t\t\t\t<\/div>\n\t\t\t\t<\/div>\n\t\t\t\t<div class=\"elementor-element elementor-element-29d39c4 elementor-widget-divider--view-line elementor-widget elementor-widget-divider\" data-id=\"29d39c4\" data-element_type=\"widget\" data-e-type=\"widget\" data-widget_type=\"divider.default\">\n\t\t\t\t<div class=\"elementor-widget-container\">\n\t\t\t\t\t\t\t<div class=\"elementor-divider\">\n\t\t\t<span class=\"elementor-divider-separator\">\n\t\t\t\t\t\t<\/span>\n\t\t<\/div>\n\t\t\t\t\t\t<\/div>\n\t\t\t\t<\/div>\n\t\t\t\t\t<\/div>\n\t\t\t\t<\/div>\n\t\t<div data-particle_enable=\"false\" data-particle-mobile-disabled=\"false\" class=\"elementor-element elementor-element-0742436 e-flex e-con-boxed e-con e-parent\" data-id=\"0742436\" data-element_type=\"container\" data-e-type=\"container\">\n\t\t\t\t\t<div class=\"e-con-inner\">\n\t\t<div data-particle_enable=\"false\" data-particle-mobile-disabled=\"false\" class=\"elementor-element elementor-element-7df64e7 e-con-full e-flex e-con e-child\" data-id=\"7df64e7\" data-element_type=\"container\" data-e-type=\"container\">\n\t\t\t\t<div class=\"elementor-element elementor-element-fac902b elementor-widget elementor-widget-text-editor\" data-id=\"fac902b\" data-element_type=\"widget\" data-e-type=\"widget\" data-widget_type=\"text-editor.default\">\n\t\t\t\t<div class=\"elementor-widget-container\">\n\t\t\t\t\t\t\t\t\t<p>\u00a0<\/p><h3>Did you know that?<\/h3><p class=\"translation-block\">Within our services at <strong>Radiocom<\/strong> we have expanded our offer to provide you with high speed connectivity solutions. Now you can acquire <strong data-start=\"191\" data-end=\"207\">fiber optics<\/strong> with the best quality and immediate availability. Optimize your infrastructure with advanced technology and guarantee a stable and secure connection.<\/p>\t\t\t\t\t\t\t\t<\/div>\n\t\t\t\t<\/div>\n\t\t\t\t<\/div>\n\t\t<div data-particle_enable=\"false\" data-particle-mobile-disabled=\"false\" class=\"elementor-element elementor-element-c590abf e-con-full e-flex e-con e-child\" data-id=\"c590abf\" data-element_type=\"container\" data-e-type=\"container\">\n\t\t\t\t<div class=\"elementor-element elementor-element-0b59671 elementor-widget elementor-widget-image\" data-id=\"0b59671\" data-element_type=\"widget\" data-e-type=\"widget\" data-widget_type=\"image.default\">\n\t\t\t\t<div class=\"elementor-widget-container\">\n\t\t\t\t\t\t\t\t\t\t\t\t\t\t\t<img fetchpriority=\"high\" decoding=\"async\" width=\"300\" height=\"300\" src=\"https:\/\/radiocom.com.co\/wp-content\/uploads\/fondo-para-servicios-300x300.webp\" class=\"attachment-medium size-medium wp-image-1872\" alt=\"Servicos Radiocom - Fibra optica\" srcset=\"https:\/\/radiocom.com.co\/wp-content\/uploads\/fondo-para-servicios-300x300.webp 300w, https:\/\/radiocom.com.co\/wp-content\/uploads\/fondo-para-servicios-200x200.webp 200w, https:\/\/radiocom.com.co\/wp-content\/uploads\/fondo-para-servicios-100x100.webp 100w, https:\/\/radiocom.com.co\/wp-content\/uploads\/fondo-para-servicios-500x500.webp 500w, https:\/\/radiocom.com.co\/wp-content\/uploads\/fondo-para-servicios-150x150.webp 150w, https:\/\/radiocom.com.co\/wp-content\/uploads\/fondo-para-servicios-768x768.webp 768w, https:\/\/radiocom.com.co\/wp-content\/uploads\/fondo-para-servicios-12x12.webp 12w, https:\/\/radiocom.com.co\/wp-content\/uploads\/fondo-para-servicios.webp 1024w\" sizes=\"(max-width: 300px) 100vw, 300px\" \/>\t\t\t\t\t\t\t\t\t\t\t\t\t\t\t<\/div>\n\t\t\t\t<\/div>\n\t\t\t\t<div class=\"elementor-element elementor-element-5c78c55 elementor-align-center elementor-widget elementor-widget-button\" data-id=\"5c78c55\" data-element_type=\"widget\" data-e-type=\"widget\" data-widget_type=\"button.default\">\n\t\t\t\t<div class=\"elementor-widget-container\">\n\t\t\t\t\t\t\t\t\t<div class=\"elementor-button-wrapper\">\n\t\t\t\t\t<a class=\"elementor-button elementor-button-link elementor-size-sm\" href=\"https:\/\/radiocom.com.co\/en\/tienda\/\">\n\t\t\t\t\t\t<span class=\"elementor-button-content-wrapper\">\n\t\t\t\t\t\t\t\t\t<span class=\"elementor-button-text\">Go to the store<\/span>\n\t\t\t\t\t<\/span>\n\t\t\t\t\t<\/a>\n\t\t\t\t<\/div>\n\t\t\t\t\t\t\t\t<\/div>\n\t\t\t\t<\/div>\n\t\t\t\t<\/div>\n\t\t\t\t\t<\/div>\n\t\t\t\t<\/div>\n\t\t<div data-particle_enable=\"false\" data-particle-mobile-disabled=\"false\" class=\"elementor-element elementor-element-089f753 e-flex e-con-boxed e-con e-parent\" data-id=\"089f753\" data-element_type=\"container\" data-e-type=\"container\">\n\t\t\t\t\t<div class=\"e-con-inner\">\n\t\t\t\t<div class=\"elementor-element elementor-element-0f2d35a elementor-shape-rounded elementor-grid-0 e-grid-align-center elementor-widget elementor-widget-social-icons\" data-id=\"0f2d35a\" data-element_type=\"widget\" data-e-type=\"widget\" data-widget_type=\"social-icons.default\">\n\t\t\t\t<div class=\"elementor-widget-container\">\n\t\t\t\t\t\t\t<div class=\"elementor-social-icons-wrapper elementor-grid\" role=\"list\">\n\t\t\t\t\t\t\t<span class=\"elementor-grid-item\" role=\"listitem\">\n\t\t\t\t\t<a class=\"elementor-icon elementor-social-icon elementor-social-icon-facebook elementor-repeater-item-8d189aa\" target=\"_blank\">\n\t\t\t\t\t\t<span class=\"elementor-screen-only\">Facebook<\/span>\n\t\t\t\t\t\t<i aria-hidden=\"true\" class=\"fab fa-facebook\"><\/i>\t\t\t\t\t<\/a>\n\t\t\t\t<\/span>\n\t\t\t\t\t\t\t<span class=\"elementor-grid-item\" role=\"listitem\">\n\t\t\t\t\t<a class=\"elementor-icon elementor-social-icon elementor-social-icon-linkedin elementor-repeater-item-ec99097\" href=\"https:\/\/www.linkedin.com\/company\/radiocom-sas\/\" target=\"_blank\" rel=\"noopener\">\n\t\t\t\t\t\t<span class=\"elementor-screen-only\">Linkedin<\/span>\n\t\t\t\t\t\t<i aria-hidden=\"true\" class=\"fab fa-linkedin\"><\/i>\t\t\t\t\t<\/a>\n\t\t\t\t<\/span>\n\t\t\t\t\t\t\t<span class=\"elementor-grid-item\" role=\"listitem\">\n\t\t\t\t\t<a class=\"elementor-icon elementor-social-icon elementor-social-icon-instagram elementor-repeater-item-3e04e14\" target=\"_blank\">\n\t\t\t\t\t\t<span class=\"elementor-screen-only\">Instagram<\/span>\n\t\t\t\t\t\t<i aria-hidden=\"true\" class=\"fab fa-instagram\"><\/i>\t\t\t\t\t<\/a>\n\t\t\t\t<\/span>\n\t\t\t\t\t<\/div>\n\t\t\t\t\t\t<\/div>\n\t\t\t\t<\/div>\n\t\t\t\t\t<\/div>\n\t\t\t\t<\/div>\n\t\t<div data-particle_enable=\"false\" data-particle-mobile-disabled=\"false\" class=\"elementor-element elementor-element-37912c5 e-flex e-con-boxed e-con e-parent\" data-id=\"37912c5\" data-element_type=\"container\" data-e-type=\"container\">\n\t\t\t\t\t<div class=\"e-con-inner\">\n\t\t\t\t<div class=\"elementor-element elementor-element-fdf95fb elementor-widget elementor-widget-text-editor\" data-id=\"fdf95fb\" data-element_type=\"widget\" data-e-type=\"widget\" data-widget_type=\"text-editor.default\">\n\t\t\t\t<div class=\"elementor-widget-container\">\n\t\t\t\t\t\t\t\t\t<p style=\"text-align: center;\"><strong data-start=\"1638\" data-end=\"1784\">Discover how our services can optimize your infrastructure, improve the quality of your network and raise the standard of your communications.<\/strong><br data-start=\"1784\" data-end=\"1787\" \/>Contact us and take your project to the next level with <strong data-start=\"1842\" data-end=\"1858\">Radiocom SAS<\/strong>.<\/p>\t\t\t\t\t\t\t\t<\/div>\n\t\t\t\t<\/div>\n\t\t\t\t\t<\/div>\n\t\t\t\t<\/div>\n\t\t\t\t<\/div>","protected":false},"excerpt":{"rendered":"<p>En Radiocom SAS, ofrecemos soluciones de vanguardia en telecomunicaciones. Nuestros Servicios de Radiocom SAS est\u00e1n dise\u00f1ados para garantizar conectividad eficiente y segura, adapt\u00e1ndonos a las necesidades de cada cliente. \u00a0Descubre c\u00f3mo podemos optimizar tu infraestructura con tecnolog\u00eda innovadora y soporte especializado. Control de Tr\u00e1fico A\u00e9reoGarantizamos la seguridad y eficiencia en la gesti\u00f3n del espacio a\u00e9reo [&hellip;]<\/p>","protected":false},"author":1,"featured_media":0,"parent":0,"menu_order":0,"comment_status":"closed","ping_status":"closed","template":"elementor_header_footer","meta":{"_joinchat":[],"footnotes":""},"class_list":["post-112","page","type-page","status-publish","hentry"],"_hostinger_reach_plugin_has_subscription_block":false,"_hostinger_reach_plugin_is_elementor":false,"_links":{"self":[{"href":"https:\/\/radiocom.com.co\/en\/wp-json\/wp\/v2\/pages\/112","targetHints":{"allow":["GET"]}}],"collection":[{"href":"https:\/\/radiocom.com.co\/en\/wp-json\/wp\/v2\/pages"}],"about":[{"href":"https:\/\/radiocom.com.co\/en\/wp-json\/wp\/v2\/types\/page"}],"author":[{"embeddable":true,"href":"https:\/\/radiocom.com.co\/en\/wp-json\/wp\/v2\/users\/1"}],"replies":[{"embeddable":true,"href":"https:\/\/radiocom.com.co\/en\/wp-json\/wp\/v2\/comments?post=112"}],"version-history":[{"count":40,"href":"https:\/\/radiocom.com.co\/en\/wp-json\/wp\/v2\/pages\/112\/revisions"}],"predecessor-version":[{"id":2402,"href":"https:\/\/radiocom.com.co\/en\/wp-json\/wp\/v2\/pages\/112\/revisions\/2402"}],"wp:attachment":[{"href":"https:\/\/radiocom.com.co\/en\/wp-json\/wp\/v2\/media?parent=112"}],"curies":[{"name":"wp","href":"https:\/\/api.w.org\/{rel}","templated":true}]}}