{"id":114,"date":"2024-05-07T12:22:01","date_gmt":"2024-05-07T17:22:01","guid":{"rendered":"https:\/\/radiocom.com.co\/?page_id=114"},"modified":"2025-07-11T15:25:17","modified_gmt":"2025-07-11T20:25:17","slug":"experiencias-radiocom-sas","status":"publish","type":"page","link":"https:\/\/radiocom.com.co\/en\/experiencias-radiocom-sas\/","title":{"rendered":"Experiences Radiocom SAS"},"content":{"rendered":"<div data-elementor-type=\"wp-page\" data-elementor-id=\"114\" class=\"elementor elementor-114\" data-elementor-post-type=\"page\">\n\t\t\t\t<div data-particle_enable=\"false\" data-particle-mobile-disabled=\"false\" class=\"elementor-element elementor-element-10ad87f0 e-con-full e-flex e-con e-parent\" data-id=\"10ad87f0\" data-element_type=\"container\" data-settings=\"{&quot;background_background&quot;:&quot;slideshow&quot;,&quot;background_slideshow_gallery&quot;:[{&quot;id&quot;:960,&quot;url&quot;:&quot;https:\\\/\\\/radiocom.com.co\\\/wp-content\\\/uploads\\\/ronald-crow-8oR7XykOjk4-unsplash-scaled.jpg&quot;},{&quot;id&quot;:738,&quot;url&quot;:&quot;https:\\\/\\\/radiocom.com.co\\\/wp-content\\\/uploads\\\/foto5.jpg&quot;},{&quot;id&quot;:1057,&quot;url&quot;:&quot;https:\\\/\\\/radiocom.com.co\\\/wp-content\\\/uploads\\\/31.jpeg&quot;}],&quot;background_slideshow_ken_burns&quot;:&quot;yes&quot;,&quot;background_slideshow_loop&quot;:&quot;yes&quot;,&quot;background_slideshow_slide_duration&quot;:5000,&quot;background_slideshow_slide_transition&quot;:&quot;fade&quot;,&quot;background_slideshow_transition_duration&quot;:500,&quot;background_slideshow_ken_burns_zoom_direction&quot;:&quot;in&quot;}\">\n\t\t\t\t<\/div>\n\t\t<div data-particle_enable=\"false\" data-particle-mobile-disabled=\"false\" class=\"elementor-element elementor-element-daa0dd0 e-flex e-con-boxed e-con e-parent\" data-id=\"daa0dd0\" data-element_type=\"container\">\n\t\t\t\t\t<div class=\"e-con-inner\">\n\t\t<div data-particle_enable=\"false\" data-particle-mobile-disabled=\"false\" class=\"elementor-element elementor-element-cd45dd4 e-con-full e-flex e-con e-child\" data-id=\"cd45dd4\" data-element_type=\"container\">\n\t\t\t\t<div class=\"elementor-element elementor-element-a66a6de elementor-widget elementor-widget-heading\" data-id=\"a66a6de\" data-element_type=\"widget\" data-widget_type=\"heading.default\">\n\t\t\t\t<div class=\"elementor-widget-container\">\n\t\t\t\t\t<h2 class=\"elementor-heading-title elementor-size-default\">Experiences Radiocom SAS<\/h2>\t\t\t\t<\/div>\n\t\t\t\t<\/div>\n\t\t\t\t<div class=\"elementor-element elementor-element-c9350fb elementor-widget elementor-widget-text-editor\" data-id=\"c9350fb\" data-element_type=\"widget\" data-widget_type=\"text-editor.default\">\n\t\t\t\t<div class=\"elementor-widget-container\">\n\t\t\t\t\t\t\t\t\t<h4 data-start=\"589\" data-end=\"632\"><strong data-start=\"594\" data-end=\"630\">Our Track Record, Your Guarantee<\/strong><\/h4><p data-start=\"633\" data-end=\"902\" class=\"translation-block\">With more than 65 years of experience in <strong data-start=\"\u201c671\u201d\" data-end=\"\u201c687\u201d\">Radiocom SAS<\/strong>, we have led innovative projects in aeronautical telecommunications and fiber optic distribution. Our mission is to provide secure, efficient and tailored solutions to our customers' needs.<\/p>\t\t\t\t\t\t\t\t<\/div>\n\t\t\t\t<\/div>\n\t\t\t\t<\/div>\n\t\t<div data-particle_enable=\"false\" data-particle-mobile-disabled=\"false\" class=\"elementor-element elementor-element-2c46b1f e-con-full e-flex e-con e-child\" data-id=\"2c46b1f\" data-element_type=\"container\">\n\t\t\t\t<div class=\"elementor-element elementor-element-8050cd2 elementor-widget elementor-widget-image\" data-id=\"8050cd2\" data-element_type=\"widget\" data-widget_type=\"image.default\">\n\t\t\t\t<div class=\"elementor-widget-container\">\n\t\t\t\t\t\t\t\t\t\t\t\t\t\t\t<img fetchpriority=\"high\" decoding=\"async\" width=\"800\" height=\"360\" src=\"https:\/\/radiocom.com.co\/wp-content\/uploads\/imagen-3-1024x461.webp\" class=\"attachment-large size-large wp-image-1591\" alt=\"Experiencias Radiocom SAS - montaje de equipos.\" srcset=\"https:\/\/radiocom.com.co\/wp-content\/uploads\/imagen-3-1024x461.webp 1024w, https:\/\/radiocom.com.co\/wp-content\/uploads\/imagen-3-scaled-500x225.webp 500w, https:\/\/radiocom.com.co\/wp-content\/uploads\/imagen-3-300x135.webp 300w, https:\/\/radiocom.com.co\/wp-content\/uploads\/imagen-3-768x346.webp 768w, https:\/\/radiocom.com.co\/wp-content\/uploads\/imagen-3-1536x691.webp 1536w, https:\/\/radiocom.com.co\/wp-content\/uploads\/imagen-3-2048x922.webp 2048w, https:\/\/radiocom.com.co\/wp-content\/uploads\/imagen-3-18x8.webp 18w\" sizes=\"(max-width: 800px) 100vw, 800px\" \/>\t\t\t\t\t\t\t\t\t\t\t\t\t\t\t<\/div>\n\t\t\t\t<\/div>\n\t\t\t\t<\/div>\n\t\t\t\t\t<\/div>\n\t\t\t\t<\/div>\n\t\t<div data-particle_enable=\"false\" data-particle-mobile-disabled=\"false\" class=\"elementor-element elementor-element-effc871 e-flex e-con-boxed e-con e-parent\" data-id=\"effc871\" data-element_type=\"container\">\n\t\t\t\t\t<div class=\"e-con-inner\">\n\t\t\t\t<div class=\"elementor-element elementor-element-be1cd2c elementor-widget elementor-widget-toggle\" data-id=\"be1cd2c\" data-element_type=\"widget\" data-widget_type=\"toggle.default\">\n\t\t\t\t<div class=\"elementor-widget-container\">\n\t\t\t\t\t\t\t<div class=\"elementor-toggle\">\n\t\t\t\t\t\t\t<div class=\"elementor-toggle-item\">\n\t\t\t\t\t<div id=\"elementor-tab-title-1991\" class=\"elementor-tab-title\" data-tab=\"1\" role=\"button\" aria-controls=\"elementor-tab-content-1991\" aria-expanded=\"false\">\n\t\t\t\t\t\t\t\t\t\t\t\t<span class=\"elementor-toggle-icon elementor-toggle-icon-left\" aria-hidden=\"true\">\n\t\t\t\t\t\t\t\t\t\t\t\t\t\t\t<span class=\"elementor-toggle-icon-closed\"><i class=\"fas fa-caret-right\"><\/i><\/span>\n\t\t\t\t\t\t\t\t<span class=\"elementor-toggle-icon-opened\"><i class=\"elementor-toggle-icon-opened fas fa-caret-up\"><\/i><\/span>\n\t\t\t\t\t\t\t\t\t\t\t\t\t<\/span>\n\t\t\t\t\t\t\t\t\t\t\t\t<a class=\"elementor-toggle-title\" tabindex=\"0\"><h3> <i class=\"fas fa-plane-departure\" style=\"margin-right: 15px;\"><\/i>   Experiences in Air Traffic Control <\/h3><\/a>\n\t\t\t\t\t<\/div>\n\n\t\t\t\t\t<div id=\"elementor-tab-content-1991\" class=\"elementor-tab-content elementor-clearfix\" data-tab=\"1\" role=\"region\" aria-labelledby=\"elementor-tab-title-1991\"><p><img decoding=\"async\" class=\"size-medium wp-image-1475 alignright\" src=\"https:\/\/radiocom.com.co\/wp-content\/uploads\/experiencia-control-trafico-aereo-1-300x264.webp\" alt=\"sistemas ILS\" width=\"300\" height=\"264\" srcset=\"https:\/\/radiocom.com.co\/wp-content\/uploads\/experiencia-control-trafico-aereo-1-300x264.webp 300w, https:\/\/radiocom.com.co\/wp-content\/uploads\/experiencia-control-trafico-aereo-1-14x12.webp 14w, https:\/\/radiocom.com.co\/wp-content\/uploads\/experiencia-control-trafico-aereo-1.webp 358w\" sizes=\"(max-width: 300px) 100vw, 300px\" \/><\/p><ul><li>Acquisition, installation and commissioning of consoles for the control towers of the airports of Florencia, Puerto As\u00eds, Guapi, Quibd\u00f3, Girardot, Manizales, Mariquita and Arauca<\/li><\/ul><ul><li>Acquisition, installation and commissioning of a system <strong>ILS<\/strong> and <strong>DME<\/strong> associated for:<ul><li>aeropuerto Bonilla Arag\u00f3n de Cali.<\/li><li>\u00a0aeropuerto Camilo Daza de C\u00facuta.<\/li><\/ul><\/li><\/ul><ul><li class=\"translation-block\">Acquisition, installation and commissioning of a VHF-ER (Extended Range) ground-to-air communications system, complemented by a higher-level airspace management system<\/li><\/ul><ul><li class=\"translation-block\">Installation and commissioning of a 1KV radio beacon in Ca\u00f1o Lim\u00f3n<\/li><\/ul><ul><li class=\"translation-block\">Acquisition, installation and commissioning of runway edge lights and PAPI equipment for the Villagarz\u00f3n airport<\/li><\/ul><\/div>\n\t\t\t\t<\/div>\n\t\t\t\t\t\t\t<div class=\"elementor-toggle-item\">\n\t\t\t\t\t<div id=\"elementor-tab-title-1992\" class=\"elementor-tab-title\" data-tab=\"2\" role=\"button\" aria-controls=\"elementor-tab-content-1992\" aria-expanded=\"false\">\n\t\t\t\t\t\t\t\t\t\t\t\t<span class=\"elementor-toggle-icon elementor-toggle-icon-left\" aria-hidden=\"true\">\n\t\t\t\t\t\t\t\t\t\t\t\t\t\t\t<span class=\"elementor-toggle-icon-closed\"><i class=\"fas fa-caret-right\"><\/i><\/span>\n\t\t\t\t\t\t\t\t<span class=\"elementor-toggle-icon-opened\"><i class=\"elementor-toggle-icon-opened fas fa-caret-up\"><\/i><\/span>\n\t\t\t\t\t\t\t\t\t\t\t\t\t<\/span>\n\t\t\t\t\t\t\t\t\t\t\t\t<a class=\"elementor-toggle-title\" tabindex=\"0\"><h3> <i class=\"fas fa-satellite-dish\" style=\"margin-right: 18px;\"><\/i> Radio broadcasting <\/h3><\/a>\n\t\t\t\t\t<\/div>\n\n\t\t\t\t\t<div id=\"elementor-tab-content-1992\" class=\"elementor-tab-content elementor-clearfix\" data-tab=\"2\" role=\"region\" aria-labelledby=\"elementor-tab-title-1992\"><p>Acquisition, installation and commissioning of broadcasting equipment including self-supported tower, antenna, transmitter and studio equipment in cities such as:<\/p><ul><li>Puerto In\u00edrida, Guain\u00eda.<\/li><li>Tumaco, Cauca.<\/li><li><img decoding=\"async\" class=\"size-medium wp-image-1631 alignright\" src=\"https:\/\/radiocom.com.co\/wp-content\/uploads\/imagen-2-1-300x300.webp\" alt=\"Experiencias - torre de radio difusion\" width=\"300\" height=\"300\" srcset=\"https:\/\/radiocom.com.co\/wp-content\/uploads\/imagen-2-1-300x300.webp 300w, https:\/\/radiocom.com.co\/wp-content\/uploads\/imagen-2-1-200x200.webp 200w, https:\/\/radiocom.com.co\/wp-content\/uploads\/imagen-2-1-100x100.webp 100w, https:\/\/radiocom.com.co\/wp-content\/uploads\/imagen-2-1-500x500.webp 500w, https:\/\/radiocom.com.co\/wp-content\/uploads\/imagen-2-1-150x150.webp 150w, https:\/\/radiocom.com.co\/wp-content\/uploads\/imagen-2-1-768x768.webp 768w, https:\/\/radiocom.com.co\/wp-content\/uploads\/imagen-2-1-12x12.webp 12w, https:\/\/radiocom.com.co\/wp-content\/uploads\/imagen-2-1.webp 1024w\" sizes=\"(max-width: 300px) 100vw, 300px\" \/>Ibagu\u00e9, Tolima.<\/li><\/ul><\/div>\n\t\t\t\t<\/div>\n\t\t\t\t\t\t\t<div class=\"elementor-toggle-item\">\n\t\t\t\t\t<div id=\"elementor-tab-title-1993\" class=\"elementor-tab-title\" data-tab=\"3\" role=\"button\" aria-controls=\"elementor-tab-content-1993\" aria-expanded=\"false\">\n\t\t\t\t\t\t\t\t\t\t\t\t<span class=\"elementor-toggle-icon elementor-toggle-icon-left\" aria-hidden=\"true\">\n\t\t\t\t\t\t\t\t\t\t\t\t\t\t\t<span class=\"elementor-toggle-icon-closed\"><i class=\"fas fa-caret-right\"><\/i><\/span>\n\t\t\t\t\t\t\t\t<span class=\"elementor-toggle-icon-opened\"><i class=\"elementor-toggle-icon-opened fas fa-caret-up\"><\/i><\/span>\n\t\t\t\t\t\t\t\t\t\t\t\t\t<\/span>\n\t\t\t\t\t\t\t\t\t\t\t\t<a class=\"elementor-toggle-title\" tabindex=\"0\"><h3> <i class=\"fas fa-cloud-sun-rain\" style=\"margin-right: 18px;\"><\/i>   Experiences in Meteorology Systems <\/h3><\/a>\n\t\t\t\t\t<\/div>\n\n\t\t\t\t\t<div id=\"elementor-tab-content-1993\" class=\"elementor-tab-content elementor-clearfix\" data-tab=\"3\" role=\"region\" aria-labelledby=\"elementor-tab-title-1993\"><ul><li>Acquisitio<img loading=\"lazy\" decoding=\"async\" class=\"size-medium wp-image-1495 alignright\" src=\"https:\/\/radiocom.com.co\/wp-content\/uploads\/SISTEMAS-EMEAS-273x300.webp\" alt=\"Sistema Meteorol\u00f3gico EMAS con panel solar\" width=\"273\" height=\"300\" srcset=\"https:\/\/radiocom.com.co\/wp-content\/uploads\/SISTEMAS-EMEAS-273x300.webp 273w, https:\/\/radiocom.com.co\/wp-content\/uploads\/SISTEMAS-EMEAS-500x549.webp 500w, https:\/\/radiocom.com.co\/wp-content\/uploads\/SISTEMAS-EMEAS-932x1024.webp 932w, https:\/\/radiocom.com.co\/wp-content\/uploads\/SISTEMAS-EMEAS-768x844.webp 768w, https:\/\/radiocom.com.co\/wp-content\/uploads\/SISTEMAS-EMEAS-1398x1536.webp 1398w, https:\/\/radiocom.com.co\/wp-content\/uploads\/SISTEMAS-EMEAS-1864x2048.webp 1864w, https:\/\/radiocom.com.co\/wp-content\/uploads\/SISTEMAS-EMEAS-11x12.webp 11w\" sizes=\"(max-width: 273px) 100vw, 273px\" \/>n, installation and commissioning of automatic surface weather stations (EMAS) with automatic VHF transmission at the airports of:<ul><li>Carepa.<\/li><li>Arauca.<\/li><li>Mariquita.<\/li><li>Bah\u00eda Solano.<\/li><li>Puerto In\u00edrida.<\/li><li>Florencia.<\/li><li>Neiva.<\/li><li>Monter\u00eda.<\/li><li>Quibd\u00f3.<\/li><li>Tumaco.<\/li><\/ul><\/li><\/ul><ul><li>Acquisition, installation and commissioning of visual range measuring equipment (RVR) on the runway of the airports of Barranquilla, Leticia, Cali and Cartagena<\/li><\/ul><\/div>\n\t\t\t\t<\/div>\n\t\t\t\t\t\t\t<div class=\"elementor-toggle-item\">\n\t\t\t\t\t<div id=\"elementor-tab-title-1994\" class=\"elementor-tab-title\" data-tab=\"4\" role=\"button\" aria-controls=\"elementor-tab-content-1994\" aria-expanded=\"false\">\n\t\t\t\t\t\t\t\t\t\t\t\t<span class=\"elementor-toggle-icon elementor-toggle-icon-left\" aria-hidden=\"true\">\n\t\t\t\t\t\t\t\t\t\t\t\t\t\t\t<span class=\"elementor-toggle-icon-closed\"><i class=\"fas fa-caret-right\"><\/i><\/span>\n\t\t\t\t\t\t\t\t<span class=\"elementor-toggle-icon-opened\"><i class=\"elementor-toggle-icon-opened fas fa-caret-up\"><\/i><\/span>\n\t\t\t\t\t\t\t\t\t\t\t\t\t<\/span>\n\t\t\t\t\t\t\t\t\t\t\t\t<a class=\"elementor-toggle-title\" tabindex=\"0\"><h3> <i class=\"fas fa-signal\" style=\"margin-right: 18px;\"><\/i>  Telecommunications Experiences <\/h3><\/a>\n\t\t\t\t\t<\/div>\n\n\t\t\t\t\t<div id=\"elementor-tab-content-1994\" class=\"elementor-tab-content elementor-clearfix\" data-tab=\"4\" role=\"region\" aria-labelledby=\"elementor-tab-title-1994\"><ul><li><img loading=\"lazy\" decoding=\"async\" class=\"size-medium wp-image-1487 alignright\" src=\"https:\/\/radiocom.com.co\/wp-content\/uploads\/ILUMINACION-OBSTRUCCIONES-300x169.webp\" alt=\"Instalaci\u00f3n luces preventivas\" width=\"300\" height=\"169\" srcset=\"https:\/\/radiocom.com.co\/wp-content\/uploads\/ILUMINACION-OBSTRUCCIONES-300x169.webp 300w, https:\/\/radiocom.com.co\/wp-content\/uploads\/ILUMINACION-OBSTRUCCIONES-500x281.webp 500w, https:\/\/radiocom.com.co\/wp-content\/uploads\/ILUMINACION-OBSTRUCCIONES-1024x576.webp 1024w, https:\/\/radiocom.com.co\/wp-content\/uploads\/ILUMINACION-OBSTRUCCIONES-768x432.webp 768w, https:\/\/radiocom.com.co\/wp-content\/uploads\/ILUMINACION-OBSTRUCCIONES-18x10.webp 18w, https:\/\/radiocom.com.co\/wp-content\/uploads\/ILUMINACION-OBSTRUCCIONES.webp 1280w\" sizes=\"(max-width: 300px) 100vw, 300px\" \/>Acquisition, installation and start-up of a PCM digital link system and management control for the electrical network of the department of Santander<\/li><\/ul><ul><li>Acquisition, installation and commissioning of PCM digital microwave radio link between the Santa Ana station and the Bonilla Arag\u00f3n airport in Cali<\/li><\/ul><\/div>\n\t\t\t\t<\/div>\n\t\t\t\t\t\t\t<div class=\"elementor-toggle-item\">\n\t\t\t\t\t<div id=\"elementor-tab-title-1995\" class=\"elementor-tab-title\" data-tab=\"5\" role=\"button\" aria-controls=\"elementor-tab-content-1995\" aria-expanded=\"false\">\n\t\t\t\t\t\t\t\t\t\t\t\t<span class=\"elementor-toggle-icon elementor-toggle-icon-left\" aria-hidden=\"true\">\n\t\t\t\t\t\t\t\t\t\t\t\t\t\t\t<span class=\"elementor-toggle-icon-closed\"><i class=\"fas fa-caret-right\"><\/i><\/span>\n\t\t\t\t\t\t\t\t<span class=\"elementor-toggle-icon-opened\"><i class=\"elementor-toggle-icon-opened fas fa-caret-up\"><\/i><\/span>\n\t\t\t\t\t\t\t\t\t\t\t\t\t<\/span>\n\t\t\t\t\t\t\t\t\t\t\t\t<a class=\"elementor-toggle-title\" tabindex=\"0\"><h3> <i class=\"fas fa-sliders-h\" style=\"margin-right: 20px;\"><\/i>  Installation of runway lighting system-Colombia <\/h3><\/a>\n\t\t\t\t\t<\/div>\n\n\t\t\t\t\t<div id=\"elementor-tab-content-1995\" class=\"elementor-tab-content elementor-clearfix\" data-tab=\"5\" role=\"region\" aria-labelledby=\"elementor-tab-title-1995\"><p><img loading=\"lazy\" decoding=\"async\" class=\"size-medium wp-image-1486 alignright\" src=\"https:\/\/radiocom.com.co\/wp-content\/uploads\/BALIZAJE-300x264.webp\" alt=\"Luces de Balizaje en pista\" width=\"300\" height=\"264\" srcset=\"https:\/\/radiocom.com.co\/wp-content\/uploads\/BALIZAJE-300x264.webp 300w, https:\/\/radiocom.com.co\/wp-content\/uploads\/BALIZAJE-14x12.webp 14w, https:\/\/radiocom.com.co\/wp-content\/uploads\/BALIZAJE.webp 358w\" sizes=\"(max-width: 300px) 100vw, 300px\" \/>Radiocom S.A.S has extensive experience in the modernization of runway lighting systems for Airports in Colombia, for which it has supplied all the equipment and beacons required to put the following systems:<\/p><ul><li><strong>Installation-Taxi Lights<\/strong><\/li><li><strong>Installation - Runway Center Line Lights<\/strong><\/li><li><strong>Installation-Papi Lights<\/strong><\/li><li><strong>Installation-Reil Lights<\/strong><\/li><li><strong>Installation-Landing strip visual aids-Signs<\/strong>\u00a0<\/li><\/ul><\/div>\n\t\t\t\t<\/div>\n\t\t\t\t\t\t\t\t<\/div>\n\t\t\t\t\t\t<\/div>\n\t\t\t\t<\/div>\n\t\t\t\t\t<\/div>\n\t\t\t\t<\/div>\n\t\t<div data-particle_enable=\"false\" data-particle-mobile-disabled=\"false\" class=\"elementor-element elementor-element-3a88b97 e-flex e-con-boxed e-con e-parent\" data-id=\"3a88b97\" data-element_type=\"container\">\n\t\t\t\t\t<div class=\"e-con-inner\">\n\t\t<div data-particle_enable=\"false\" data-particle-mobile-disabled=\"false\" class=\"elementor-element elementor-element-ea9a31e e-con-full e-flex e-con e-child\" data-id=\"ea9a31e\" data-element_type=\"container\">\n\t\t\t\t<\/div>\n\t\t<div data-particle_enable=\"false\" data-particle-mobile-disabled=\"false\" class=\"elementor-element elementor-element-2c33b11 e-con-full e-flex e-con e-child\" data-id=\"2c33b11\" data-element_type=\"container\">\n\t\t\t\t<div class=\"elementor-element elementor-element-26dab96 elementor-widget elementor-widget-text-editor\" data-id=\"26dab96\" data-element_type=\"widget\" data-widget_type=\"text-editor.default\">\n\t\t\t\t<div class=\"elementor-widget-container\">\n\t\t\t\t\t\t\t\t\t<p style=\"text-align: center;\">Discover how our solutions have transformed the industry. Ready to take your project to the next level? Contact us today and let's make your vision a reality!<\/p>\t\t\t\t\t\t\t\t<\/div>\n\t\t\t\t<\/div>\n\t\t\t\t<div class=\"elementor-element elementor-element-2c238d3 elementor-align-center elementor-widget elementor-widget-button\" data-id=\"2c238d3\" data-element_type=\"widget\" data-widget_type=\"button.default\">\n\t\t\t\t<div class=\"elementor-widget-container\">\n\t\t\t\t\t\t\t\t\t<div class=\"elementor-button-wrapper\">\n\t\t\t\t\t<a class=\"elementor-button elementor-button-link elementor-size-sm\" href=\"https:\/\/radiocom.com.co\/en\/contactenos\/\">\n\t\t\t\t\t\t<span class=\"elementor-button-content-wrapper\">\n\t\t\t\t\t\t\t\t\t<span class=\"elementor-button-text\">Contact us!<\/span>\n\t\t\t\t\t<\/span>\n\t\t\t\t\t<\/a>\n\t\t\t\t<\/div>\n\t\t\t\t\t\t\t\t<\/div>\n\t\t\t\t<\/div>\n\t\t\t\t<\/div>\n\t\t\t\t\t<\/div>\n\t\t\t\t<\/div>\n\t\t\t\t<\/div>","protected":false},"excerpt":{"rendered":"<p>Experiencias Radiocom SAS Nuestra Trayectoria, Tu Garant\u00eda Con m\u00e1s de 65 a\u00f1os de experiencias en Radiocom SAS, hemos liderado proyectos innovadores en telecomunicaciones aeron\u00e1uticas y distribuci\u00f3n de fibra \u00f3ptica. Nuestra misi\u00f3n es brindar soluciones seguras, eficientes y adaptadas a las necesidades de nuestros clientes. Experiencias en tr\u00e1fico a\u00e9reo Adquisici\u00f3n, instalaci\u00f3n y puesta en operaci\u00f3n de [&hellip;]<\/p>","protected":false},"author":1,"featured_media":0,"parent":0,"menu_order":0,"comment_status":"closed","ping_status":"closed","template":"elementor_header_footer","meta":{"_joinchat":[],"footnotes":""},"class_list":["post-114","page","type-page","status-publish","hentry"],"_hostinger_reach_plugin_has_subscription_block":false,"_hostinger_reach_plugin_is_elementor":false,"_links":{"self":[{"href":"https:\/\/radiocom.com.co\/en\/wp-json\/wp\/v2\/pages\/114","targetHints":{"allow":["GET"]}}],"collection":[{"href":"https:\/\/radiocom.com.co\/en\/wp-json\/wp\/v2\/pages"}],"about":[{"href":"https:\/\/radiocom.com.co\/en\/wp-json\/wp\/v2\/types\/page"}],"author":[{"embeddable":true,"href":"https:\/\/radiocom.com.co\/en\/wp-json\/wp\/v2\/users\/1"}],"replies":[{"embeddable":true,"href":"https:\/\/radiocom.com.co\/en\/wp-json\/wp\/v2\/comments?post=114"}],"version-history":[{"count":111,"href":"https:\/\/radiocom.com.co\/en\/wp-json\/wp\/v2\/pages\/114\/revisions"}],"predecessor-version":[{"id":2399,"href":"https:\/\/radiocom.com.co\/en\/wp-json\/wp\/v2\/pages\/114\/revisions\/2399"}],"wp:attachment":[{"href":"https:\/\/radiocom.com.co\/en\/wp-json\/wp\/v2\/media?parent=114"}],"curies":[{"name":"wp","href":"https:\/\/api.w.org\/{rel}","templated":true}]}}