{"id":287,"date":"2024-05-07T21:29:16","date_gmt":"2024-05-08T02:29:16","guid":{"rendered":"https:\/\/radiocom.com.co\/?page_id=287"},"modified":"2025-06-03T15:25:49","modified_gmt":"2025-06-03T20:25:49","slug":"sistemas-de-meteorologia","status":"publish","type":"page","link":"https:\/\/radiocom.com.co\/en\/servicios-radiocom\/sistemas-de-meteorologia\/","title":{"rendered":"Meteorology systems"},"content":{"rendered":"<div data-elementor-type=\"wp-page\" data-elementor-id=\"287\" class=\"elementor elementor-287\" data-elementor-post-type=\"page\">\n\t\t\t\t<div data-particle_enable=\"false\" data-particle-mobile-disabled=\"false\" class=\"elementor-element elementor-element-38f157ac e-con-full e-flex e-con e-parent\" data-id=\"38f157ac\" data-element_type=\"container\" data-e-type=\"container\" data-settings=\"{&quot;background_background&quot;:&quot;classic&quot;}\">\n\t\t\t\t<\/div>\n\t\t<div data-particle_enable=\"false\" data-particle-mobile-disabled=\"false\" class=\"elementor-element elementor-element-3fac5fc0 e-flex e-con-boxed e-con e-parent\" data-id=\"3fac5fc0\" data-element_type=\"container\" data-e-type=\"container\">\n\t\t\t\t\t<div class=\"e-con-inner\">\n\t\t<div data-particle_enable=\"false\" data-particle-mobile-disabled=\"false\" class=\"elementor-element elementor-element-7175af0c e-con-full e-flex e-con e-child\" data-id=\"7175af0c\" data-element_type=\"container\" data-e-type=\"container\">\n\t\t\t\t<div class=\"elementor-element elementor-element-377da433 elementor-widget elementor-widget-heading\" data-id=\"377da433\" data-element_type=\"widget\" data-e-type=\"widget\" data-widget_type=\"heading.default\">\n\t\t\t\t<div class=\"elementor-widget-container\">\n\t\t\t\t\t<h2 class=\"elementor-heading-title elementor-size-default\">EMAS Automatic Weather Stations<\/h2>\t\t\t\t<\/div>\n\t\t\t\t<\/div>\n\t\t\t\t<div class=\"elementor-element elementor-element-5db6a408 elementor-widget elementor-widget-text-editor\" data-id=\"5db6a408\" data-element_type=\"widget\" data-e-type=\"widget\" data-widget_type=\"text-editor.default\">\n\t\t\t\t<div class=\"elementor-widget-container\">\n\t\t\t\t\t\t\t\t\t<p class=\"translation-block\">The <strong>weather systems<\/strong> are stations designed to regularly measure and record various meteorological variables. These data are used both for the elaboration of weather forecasts based on numerical models as well as for climate studies.<\/p><p>Common instruments and variables measured at a weather station include:<\/p><ul><li class=\"translation-block\"><strong>Thermometer:<\/strong> temperature meter at different times of the day.<\/li><li class=\"translation-block\"><strong>Subsoil thermometers<\/strong> (geothermometers): temperature meter at 5, 10, 20, 50 and 100 cm depth.<\/li><li class=\"translation-block\"><strong>Minimum floor thermometer:<\/strong> measures the minimum temperature at a distance of 15 cm above the floor.<\/li><li class=\"translation-block\"><strong>Thermograph:<\/strong> automatically records temperature fluctuations.<\/li><li><strong>Barometer <\/strong>is responsible for measuring the atmospheric pressure at the surface.<\/li><li class=\"translation-block\"><strong>Pluviometer:<\/strong> measures the amount of water falling on the ground in the form of rain, snow or hail.<\/li><li><strong>Psychrometer or hygrometer:<\/strong> measures the relative humidity of the air and the dew point temperature.<\/li><li class=\"translation-block\"><strong>Pyranometer:<\/strong> measurement of global solar radiation (direct + diffuse).<\/li><li class=\"translation-block\"><strong>Heliograph: <\/strong>measurement of sunlight hours.<\/li><li class=\"translation-block\"><strong>Anemometer:<\/strong> wind speed measurement.<\/li><li class=\"translation-block\"><strong>Vane:<\/strong> indicates wind direction.<\/li><li class=\"translation-block\"><strong>Nephobasimeter: <\/strong>measures the height of the clouds, but only at the point where it is placed.<\/li><\/ul>\t\t\t\t\t\t\t\t<\/div>\n\t\t\t\t<\/div>\n\t\t\t\t<\/div>\n\t\t<div data-particle_enable=\"false\" data-particle-mobile-disabled=\"false\" class=\"elementor-element elementor-element-48ccb580 e-con-full e-flex e-con e-child\" data-id=\"48ccb580\" data-element_type=\"container\" data-e-type=\"container\">\n\t\t\t\t<div class=\"elementor-element elementor-element-21eb7b9c elementor-widget elementor-widget-image\" data-id=\"21eb7b9c\" data-element_type=\"widget\" data-e-type=\"widget\" data-widget_type=\"image.default\">\n\t\t\t\t<div class=\"elementor-widget-container\">\n\t\t\t\t\t\t\t\t\t\t\t\t\t\t\t<img fetchpriority=\"high\" decoding=\"async\" width=\"2184\" height=\"2399\" src=\"https:\/\/radiocom.com.co\/wp-content\/uploads\/SISTEMAS-EMEAS.webp\" class=\"attachment-full size-full wp-image-1495\" alt=\"Servicios Radiocom - Sistema Meteorol\u00f3gico EMAS con panel solar\" srcset=\"https:\/\/radiocom.com.co\/wp-content\/uploads\/SISTEMAS-EMEAS.webp 2184w, https:\/\/radiocom.com.co\/wp-content\/uploads\/SISTEMAS-EMEAS-500x549.webp 500w, https:\/\/radiocom.com.co\/wp-content\/uploads\/SISTEMAS-EMEAS-273x300.webp 273w, https:\/\/radiocom.com.co\/wp-content\/uploads\/SISTEMAS-EMEAS-932x1024.webp 932w, https:\/\/radiocom.com.co\/wp-content\/uploads\/SISTEMAS-EMEAS-768x844.webp 768w, https:\/\/radiocom.com.co\/wp-content\/uploads\/SISTEMAS-EMEAS-1398x1536.webp 1398w, https:\/\/radiocom.com.co\/wp-content\/uploads\/SISTEMAS-EMEAS-1864x2048.webp 1864w, https:\/\/radiocom.com.co\/wp-content\/uploads\/SISTEMAS-EMEAS-11x12.webp 11w\" sizes=\"(max-width: 2184px) 100vw, 2184px\" \/>\t\t\t\t\t\t\t\t\t\t\t\t\t\t\t<\/div>\n\t\t\t\t<\/div>\n\t\t\t\t<\/div>\n\t\t\t\t\t<\/div>\n\t\t\t\t<\/div>\n\t\t<div data-particle_enable=\"false\" data-particle-mobile-disabled=\"false\" class=\"elementor-element elementor-element-115defc e-flex e-con-boxed e-con e-parent\" data-id=\"115defc\" data-element_type=\"container\" data-e-type=\"container\" data-settings=\"{&quot;background_background&quot;:&quot;classic&quot;}\">\n\t\t\t\t\t<div class=\"e-con-inner\">\n\t\t<div data-particle_enable=\"false\" data-particle-mobile-disabled=\"false\" class=\"elementor-element elementor-element-4efcdda4 e-con-full e-flex e-con e-child\" data-id=\"4efcdda4\" data-element_type=\"container\" data-e-type=\"container\">\n\t\t\t\t<div class=\"elementor-element elementor-element-51773dbf elementor-widget elementor-widget-image\" data-id=\"51773dbf\" data-element_type=\"widget\" data-e-type=\"widget\" data-widget_type=\"image.default\">\n\t\t\t\t<div class=\"elementor-widget-container\">\n\t\t\t\t\t\t\t\t\t\t\t\t\t\t\t<img decoding=\"async\" width=\"385\" height=\"345\" src=\"https:\/\/radiocom.com.co\/wp-content\/uploads\/CELIOEMTRO.webp\" class=\"attachment-full size-full wp-image-1494\" alt=\"Celiometro\" srcset=\"https:\/\/radiocom.com.co\/wp-content\/uploads\/CELIOEMTRO.webp 385w, https:\/\/radiocom.com.co\/wp-content\/uploads\/CELIOEMTRO-300x269.webp 300w, https:\/\/radiocom.com.co\/wp-content\/uploads\/CELIOEMTRO-13x12.webp 13w\" sizes=\"(max-width: 385px) 100vw, 385px\" \/>\t\t\t\t\t\t\t\t\t\t\t\t\t\t\t<\/div>\n\t\t\t\t<\/div>\n\t\t\t\t<\/div>\n\t\t<div data-particle_enable=\"false\" data-particle-mobile-disabled=\"false\" class=\"elementor-element elementor-element-6324d68f e-con-full e-flex e-con e-child\" data-id=\"6324d68f\" data-element_type=\"container\" data-e-type=\"container\">\n\t\t\t\t<div class=\"elementor-element elementor-element-3426e308 elementor-widget elementor-widget-heading\" data-id=\"3426e308\" data-element_type=\"widget\" data-e-type=\"widget\" data-widget_type=\"heading.default\">\n\t\t\t\t<div class=\"elementor-widget-container\">\n\t\t\t\t\t<h2 class=\"elementor-heading-title elementor-size-default\">Ceilometers, RVR, Wind Profiling Radar<\/h2>\t\t\t\t<\/div>\n\t\t\t\t<\/div>\n\t\t\t\t<div class=\"elementor-element elementor-element-26ac9acf elementor-widget elementor-widget-text-editor\" data-id=\"26ac9acf\" data-element_type=\"widget\" data-e-type=\"widget\" data-widget_type=\"text-editor.default\">\n\t\t\t\t<div class=\"elementor-widget-container\">\n\t\t\t\t\t\t\t\t\t<p class=\"translation-block\"><strong>Radiocom S.A.S.<\/strong> has been installing <strong>RVR equipment<\/strong> for more than <strong>10 years<\/strong>.<\/p><p class=\"translation-block\"><strong>RVR<\/strong> is a landing instrument that provides information on runway visibility conditions to pilots, <strong>air traffic services<\/strong> (ATS) units and other aeronautical users during periods of low visibility.<\/p><p>The RVR assessment provides a meteorology system that not only starts from the observation of meteorological parameters, but also has detailed information and guidance on the subject.<\/p><p>Runway lights are an element to be considered for this technique, as these visual aids can considerably improve visibility in times of visibility restriction.<\/p>\t\t\t\t\t\t\t\t<\/div>\n\t\t\t\t<\/div>\n\t\t\t\t<\/div>\n\t\t\t\t\t<\/div>\n\t\t\t\t<\/div>\n\t\t<div data-particle_enable=\"false\" data-particle-mobile-disabled=\"false\" class=\"elementor-element elementor-element-8a748c6 e-flex e-con-boxed e-con e-parent\" data-id=\"8a748c6\" data-element_type=\"container\" data-e-type=\"container\">\n\t\t\t\t\t<div class=\"e-con-inner\">\n\t\t<div data-particle_enable=\"false\" data-particle-mobile-disabled=\"false\" class=\"elementor-element elementor-element-6fc8397 e-con-full e-flex e-con e-child\" data-id=\"6fc8397\" data-element_type=\"container\" data-e-type=\"container\">\n\t\t\t\t<div class=\"elementor-element elementor-element-bc2eab5 elementor-widget elementor-widget-heading\" data-id=\"bc2eab5\" data-element_type=\"widget\" data-e-type=\"widget\" data-widget_type=\"heading.default\">\n\t\t\t\t<div class=\"elementor-widget-container\">\n\t\t\t\t\t<h2 class=\"elementor-heading-title elementor-size-default\">EMAS, Automatic Meteorological Surface Weather Stations<\/h2>\t\t\t\t<\/div>\n\t\t\t\t<\/div>\n\t\t\t\t<div class=\"elementor-element elementor-element-d717357 elementor-widget elementor-widget-text-editor\" data-id=\"d717357\" data-element_type=\"widget\" data-e-type=\"widget\" data-widget_type=\"text-editor.default\">\n\t\t\t\t<div class=\"elementor-widget-container\">\n\t\t\t\t\t\t\t\t\t<ul><li>Acquisition, installation and commissioning of automatic surface weather stations (EMAS) with automatic VHF transmission at airports:<ul><li>de Carepa.<\/li><li>Arauca.<\/li><li>Saravena.<\/li><li>Mariquita.<\/li><li>Bah\u00eda Solano.<\/li><li>Puerto In\u00edrida.<\/li><li>Florencia.<\/li><li>Neiva.<\/li><li>Monter\u00eda.<\/li><li>Quibd\u00f3 y Tumaco.<\/li><\/ul><\/li><\/ul><p>\u00a0<\/p><ul><li>Acquisition, installation and commissioning of visual range measuring (RVR) equipment on airport runways:<ul><li>de Barranquilla.<\/li><li>Leticia.<\/li><li>Cali y Cartagena.<\/li><\/ul><\/li><\/ul>\t\t\t\t\t\t\t\t<\/div>\n\t\t\t\t<\/div>\n\t\t\t\t<\/div>\n\t\t<div data-particle_enable=\"false\" data-particle-mobile-disabled=\"false\" class=\"elementor-element elementor-element-057a9fc e-con-full e-flex e-con e-child\" data-id=\"057a9fc\" data-element_type=\"container\" data-e-type=\"container\">\n\t\t\t\t<div class=\"elementor-element elementor-element-a519b7c gallery-spacing-custom elementor-widget elementor-widget-image-gallery\" data-id=\"a519b7c\" data-element_type=\"widget\" data-e-type=\"widget\" data-widget_type=\"image-gallery.default\">\n\t\t\t\t<div class=\"elementor-widget-container\">\n\t\t\t\t\t\t\t<div class=\"elementor-image-gallery\">\n\t\t\t<div id='gallery-1' class='gallery galleryid-287 gallery-columns-3 gallery-size-medium'><figure class='gallery-item'>\n\t\t\t<div class='gallery-icon landscape'>\n\t\t\t\t<img decoding=\"async\" width=\"300\" height=\"264\" src=\"https:\/\/radiocom.com.co\/wp-content\/uploads\/experiencia-sistemas-de-meteorologia-1-300x264.webp\" class=\"attachment-medium size-medium\" alt=\"sistema de meteorologia EMAS\" srcset=\"https:\/\/radiocom.com.co\/wp-content\/uploads\/experiencia-sistemas-de-meteorologia-1-300x264.webp 300w, https:\/\/radiocom.com.co\/wp-content\/uploads\/experiencia-sistemas-de-meteorologia-1-14x12.webp 14w, https:\/\/radiocom.com.co\/wp-content\/uploads\/experiencia-sistemas-de-meteorologia-1-e1748981352349.webp 350w\" sizes=\"(max-width: 300px) 100vw, 300px\" \/>\n\t\t\t<\/div><\/figure><figure class='gallery-item'>\n\t\t\t<div class='gallery-icon landscape'>\n\t\t\t\t<img loading=\"lazy\" decoding=\"async\" width=\"300\" height=\"264\" src=\"https:\/\/radiocom.com.co\/wp-content\/uploads\/experiencia-sistemas-de-meteorologia-2-300x264.webp\" class=\"attachment-medium size-medium\" alt=\"Servicios Radiocom - Tablero de control EMAS\" srcset=\"https:\/\/radiocom.com.co\/wp-content\/uploads\/experiencia-sistemas-de-meteorologia-2-300x264.webp 300w, https:\/\/radiocom.com.co\/wp-content\/uploads\/experiencia-sistemas-de-meteorologia-2-14x12.webp 14w, https:\/\/radiocom.com.co\/wp-content\/uploads\/experiencia-sistemas-de-meteorologia-2-e1748981426224.webp 350w\" sizes=\"(max-width: 300px) 100vw, 300px\" \/>\n\t\t\t<\/div><\/figure><figure class='gallery-item'>\n\t\t\t<div class='gallery-icon landscape'>\n\t\t\t\t<img loading=\"lazy\" decoding=\"async\" width=\"300\" height=\"264\" src=\"https:\/\/radiocom.com.co\/wp-content\/uploads\/experiencia-sistemas-de-meteorologia-3-300x264.webp\" class=\"attachment-medium size-medium\" alt=\"sistema ILS vista forntal\" srcset=\"https:\/\/radiocom.com.co\/wp-content\/uploads\/experiencia-sistemas-de-meteorologia-3-300x264.webp 300w, https:\/\/radiocom.com.co\/wp-content\/uploads\/experiencia-sistemas-de-meteorologia-3-14x12.webp 14w, https:\/\/radiocom.com.co\/wp-content\/uploads\/experiencia-sistemas-de-meteorologia-3-e1748981501517.webp 350w\" sizes=\"(max-width: 300px) 100vw, 300px\" \/>\n\t\t\t<\/div><\/figure><figure class='gallery-item'>\n\t\t\t<div class='gallery-icon landscape'>\n\t\t\t\t<img loading=\"lazy\" decoding=\"async\" width=\"300\" height=\"264\" src=\"https:\/\/radiocom.com.co\/wp-content\/uploads\/experiencia-control-trafico-aereo-4-300x264.webp\" class=\"attachment-medium size-medium\" alt=\"sistema ILS cerca a una pista de aterrizaje\" srcset=\"https:\/\/radiocom.com.co\/wp-content\/uploads\/experiencia-control-trafico-aereo-4-300x264.webp 300w, https:\/\/radiocom.com.co\/wp-content\/uploads\/experiencia-control-trafico-aereo-4-14x12.webp 14w, https:\/\/radiocom.com.co\/wp-content\/uploads\/experiencia-control-trafico-aereo-4-e1748981577937.webp 350w\" sizes=\"(max-width: 300px) 100vw, 300px\" \/>\n\t\t\t<\/div><\/figure><figure class='gallery-item'>\n\t\t\t<div class='gallery-icon landscape'>\n\t\t\t\t<img loading=\"lazy\" decoding=\"async\" width=\"300\" height=\"264\" src=\"https:\/\/radiocom.com.co\/wp-content\/uploads\/experiencia-sistemas-de-meteorologia-4-300x264.webp\" class=\"attachment-medium size-medium\" alt=\"sistema de meteorologia EMAS\" srcset=\"https:\/\/radiocom.com.co\/wp-content\/uploads\/experiencia-sistemas-de-meteorologia-4-300x264.webp 300w, https:\/\/radiocom.com.co\/wp-content\/uploads\/experiencia-sistemas-de-meteorologia-4-14x12.webp 14w, https:\/\/radiocom.com.co\/wp-content\/uploads\/experiencia-sistemas-de-meteorologia-4-e1748981618544.webp 350w\" sizes=\"(max-width: 300px) 100vw, 300px\" \/>\n\t\t\t<\/div><\/figure><figure class='gallery-item'>\n\t\t\t<div class='gallery-icon landscape'>\n\t\t\t\t<img loading=\"lazy\" decoding=\"async\" width=\"300\" height=\"264\" src=\"https:\/\/radiocom.com.co\/wp-content\/uploads\/experiencia-sistemas-de-meteorologia-5-300x264.webp\" class=\"attachment-medium size-medium\" alt=\"torre con sistema de meteorologia EMAS\" srcset=\"https:\/\/radiocom.com.co\/wp-content\/uploads\/experiencia-sistemas-de-meteorologia-5-300x264.webp 300w, https:\/\/radiocom.com.co\/wp-content\/uploads\/experiencia-sistemas-de-meteorologia-5-14x12.webp 14w, https:\/\/radiocom.com.co\/wp-content\/uploads\/experiencia-sistemas-de-meteorologia-5-e1748981711418.webp 350w\" sizes=\"(max-width: 300px) 100vw, 300px\" \/>\n\t\t\t<\/div><\/figure><figure class='gallery-item'>\n\t\t\t<div class='gallery-icon landscape'>\n\t\t\t\t<img loading=\"lazy\" decoding=\"async\" width=\"300\" height=\"214\" src=\"https:\/\/radiocom.com.co\/wp-content\/uploads\/experiencia-sistemas-de-meteorologia-6-300x214.webp\" class=\"attachment-medium size-medium\" alt=\"sistema de meteorologia EMAS con panel solar\" srcset=\"https:\/\/radiocom.com.co\/wp-content\/uploads\/experiencia-sistemas-de-meteorologia-6-300x214.webp 300w, https:\/\/radiocom.com.co\/wp-content\/uploads\/experiencia-sistemas-de-meteorologia-6-18x12.webp 18w, https:\/\/radiocom.com.co\/wp-content\/uploads\/experiencia-sistemas-de-meteorologia-6-e1748981680616.webp 350w\" sizes=\"(max-width: 300px) 100vw, 300px\" \/>\n\t\t\t<\/div><\/figure><figure class='gallery-item'>\n\t\t\t<div class='gallery-icon landscape'>\n\t\t\t\t<img loading=\"lazy\" decoding=\"async\" width=\"300\" height=\"214\" src=\"https:\/\/radiocom.com.co\/wp-content\/uploads\/experiencia-sistemas-de-meteorologia-7-300x214.webp\" class=\"attachment-medium size-medium\" alt=\"torre con sistema de meteorologia EMAS vista lateral\" srcset=\"https:\/\/radiocom.com.co\/wp-content\/uploads\/experiencia-sistemas-de-meteorologia-7-300x214.webp 300w, https:\/\/radiocom.com.co\/wp-content\/uploads\/experiencia-sistemas-de-meteorologia-7-18x12.webp 18w, https:\/\/radiocom.com.co\/wp-content\/uploads\/experiencia-sistemas-de-meteorologia-7-e1748981750597.webp 350w\" sizes=\"(max-width: 300px) 100vw, 300px\" \/>\n\t\t\t<\/div><\/figure><figure class='gallery-item'>\n\t\t\t<div class='gallery-icon landscape'>\n\t\t\t\t<img loading=\"lazy\" decoding=\"async\" width=\"300\" height=\"159\" src=\"https:\/\/radiocom.com.co\/wp-content\/uploads\/EMA-image-9-1-300x159.webp\" class=\"attachment-medium size-medium\" alt=\"sistemas de meteorologia - imagen 9\" srcset=\"https:\/\/radiocom.com.co\/wp-content\/uploads\/EMA-image-9-1-300x159.webp 300w, https:\/\/radiocom.com.co\/wp-content\/uploads\/EMA-image-9-1-1024x543.webp 1024w, https:\/\/radiocom.com.co\/wp-content\/uploads\/EMA-image-9-1-768x407.webp 768w, https:\/\/radiocom.com.co\/wp-content\/uploads\/EMA-image-9-1-18x10.webp 18w, https:\/\/radiocom.com.co\/wp-content\/uploads\/EMA-image-9-1-500x265.webp 500w, https:\/\/radiocom.com.co\/wp-content\/uploads\/EMA-image-9-1-e1748982157113.webp 472w\" sizes=\"(max-width: 300px) 100vw, 300px\" \/>\n\t\t\t<\/div><\/figure>\n\t\t<\/div>\n\t\t<\/div>\n\t\t\t\t\t\t<\/div>\n\t\t\t\t<\/div>\n\t\t\t\t<div class=\"elementor-element elementor-element-7889d70 elementor-widget elementor-widget-text-editor\" data-id=\"7889d70\" data-element_type=\"widget\" data-e-type=\"widget\" data-widget_type=\"text-editor.default\">\n\t\t\t\t<div class=\"elementor-widget-container\">\n\t\t\t\t\t\t\t\t\t<p><a href=\"https:\/\/radiocom.com.co\/en\/servicios-radiocom\/\"><strong><span style=\"text-decoration: underline;\">More Services...<\/span><\/strong><\/a><\/p>\t\t\t\t\t\t\t\t<\/div>\n\t\t\t\t<\/div>\n\t\t\t\t<\/div>\n\t\t\t\t\t<\/div>\n\t\t\t\t<\/div>\n\t\t\t\t<\/div>","protected":false},"excerpt":{"rendered":"<p>Estaciones Meteorol\u00f3gicas Autom\u00e1ticas EMAS Los sistemas de meteorolog\u00eda son estaciones destinadas a medir y registrar regularmente diversas variables meteorol\u00f3gicas. Estos datos se utilizan tanto para la elaboraci\u00f3n de predicciones meteorol\u00f3gicas a partir de modelos num\u00e9ricos al igual que para estudios clim\u00e1ticos. Los instrumentos comunes y variables que se miden en una estaci\u00f3n meteorol\u00f3gica incluyen: Term\u00f3metro: [&hellip;]<\/p>","protected":false},"author":1,"featured_media":0,"parent":112,"menu_order":0,"comment_status":"closed","ping_status":"closed","template":"elementor_header_footer","meta":{"_joinchat":[],"footnotes":""},"class_list":["post-287","page","type-page","status-publish","hentry"],"_hostinger_reach_plugin_has_subscription_block":false,"_hostinger_reach_plugin_is_elementor":false,"_links":{"self":[{"href":"https:\/\/radiocom.com.co\/en\/wp-json\/wp\/v2\/pages\/287","targetHints":{"allow":["GET"]}}],"collection":[{"href":"https:\/\/radiocom.com.co\/en\/wp-json\/wp\/v2\/pages"}],"about":[{"href":"https:\/\/radiocom.com.co\/en\/wp-json\/wp\/v2\/types\/page"}],"author":[{"embeddable":true,"href":"https:\/\/radiocom.com.co\/en\/wp-json\/wp\/v2\/users\/1"}],"replies":[{"embeddable":true,"href":"https:\/\/radiocom.com.co\/en\/wp-json\/wp\/v2\/comments?post=287"}],"version-history":[{"count":45,"href":"https:\/\/radiocom.com.co\/en\/wp-json\/wp\/v2\/pages\/287\/revisions"}],"predecessor-version":[{"id":2328,"href":"https:\/\/radiocom.com.co\/en\/wp-json\/wp\/v2\/pages\/287\/revisions\/2328"}],"up":[{"embeddable":true,"href":"https:\/\/radiocom.com.co\/en\/wp-json\/wp\/v2\/pages\/112"}],"wp:attachment":[{"href":"https:\/\/radiocom.com.co\/en\/wp-json\/wp\/v2\/media?parent=287"}],"curies":[{"name":"wp","href":"https:\/\/api.w.org\/{rel}","templated":true}]}}