{"id":291,"date":"2024-05-07T21:30:15","date_gmt":"2024-05-08T02:30:15","guid":{"rendered":"https:\/\/radiocom.com.co\/?page_id=291"},"modified":"2025-07-11T15:36:00","modified_gmt":"2025-07-11T20:36:00","slug":"balizamiento-y-luces-de-obstruccion","status":"publish","type":"page","link":"https:\/\/radiocom.com.co\/en\/servicios-radiocom\/balizamiento-y-luces-de-obstruccion\/","title":{"rendered":"Marking and obstruction lights"},"content":{"rendered":"<div data-elementor-type=\"wp-page\" data-elementor-id=\"291\" class=\"elementor elementor-291\" data-elementor-post-type=\"page\">\n\t\t\t\t<div data-particle_enable=\"false\" data-particle-mobile-disabled=\"false\" class=\"elementor-element elementor-element-406cbbb2 e-con-full e-flex e-con e-parent\" data-id=\"406cbbb2\" data-element_type=\"container\" data-e-type=\"container\" data-settings=\"{&quot;background_background&quot;:&quot;classic&quot;}\">\n\t\t\t\t<\/div>\n\t\t<div data-particle_enable=\"false\" data-particle-mobile-disabled=\"false\" class=\"elementor-element elementor-element-56f5796 e-flex e-con-boxed e-con e-parent\" data-id=\"56f5796\" data-element_type=\"container\" data-e-type=\"container\">\n\t\t\t\t\t<div class=\"e-con-inner\">\n\t\t<div data-particle_enable=\"false\" data-particle-mobile-disabled=\"false\" class=\"elementor-element elementor-element-dd1174f e-con-full e-flex e-con e-child\" data-id=\"dd1174f\" data-element_type=\"container\" data-e-type=\"container\" data-settings=\"{&quot;background_background&quot;:&quot;classic&quot;}\">\n\t\t\t\t<div class=\"elementor-element elementor-element-44bde7df elementor-widget elementor-widget-image\" data-id=\"44bde7df\" data-element_type=\"widget\" data-e-type=\"widget\" data-widget_type=\"image.default\">\n\t\t\t\t<div class=\"elementor-widget-container\">\n\t\t\t\t\t\t\t\t\t\t\t\t\t\t\t<img fetchpriority=\"high\" decoding=\"async\" width=\"1280\" height=\"720\" src=\"https:\/\/radiocom.com.co\/wp-content\/uploads\/ILUMINACION-OBSTRUCCIONES.webp\" class=\"attachment-full size-full wp-image-1487\" alt=\"Balizamiento y luces de obstrucci\u00f3n - Instalaci\u00f3n luces preventivas\" srcset=\"https:\/\/radiocom.com.co\/wp-content\/uploads\/ILUMINACION-OBSTRUCCIONES.webp 1280w, https:\/\/radiocom.com.co\/wp-content\/uploads\/ILUMINACION-OBSTRUCCIONES-500x281.webp 500w, https:\/\/radiocom.com.co\/wp-content\/uploads\/ILUMINACION-OBSTRUCCIONES-300x169.webp 300w, https:\/\/radiocom.com.co\/wp-content\/uploads\/ILUMINACION-OBSTRUCCIONES-1024x576.webp 1024w, https:\/\/radiocom.com.co\/wp-content\/uploads\/ILUMINACION-OBSTRUCCIONES-768x432.webp 768w, https:\/\/radiocom.com.co\/wp-content\/uploads\/ILUMINACION-OBSTRUCCIONES-18x10.webp 18w\" sizes=\"(max-width: 1280px) 100vw, 1280px\" \/>\t\t\t\t\t\t\t\t\t\t\t\t\t\t\t<\/div>\n\t\t\t\t<\/div>\n\t\t\t\t<\/div>\n\t\t<div data-particle_enable=\"false\" data-particle-mobile-disabled=\"false\" class=\"elementor-element elementor-element-b1a2027 e-con-full e-flex e-con e-child\" data-id=\"b1a2027\" data-element_type=\"container\" data-e-type=\"container\">\n\t\t\t\t<div class=\"elementor-element elementor-element-68c71201 elementor-widget elementor-widget-heading\" data-id=\"68c71201\" data-element_type=\"widget\" data-e-type=\"widget\" data-widget_type=\"heading.default\">\n\t\t\t\t<div class=\"elementor-widget-container\">\n\t\t\t\t\t<h2 class=\"elementor-heading-title elementor-size-default\">Telecommunication obstruction lighting systems\n<\/h2>\t\t\t\t<\/div>\n\t\t\t\t<\/div>\n\t\t\t\t<div class=\"elementor-element elementor-element-444f3c91 elementor-widget elementor-widget-text-editor\" data-id=\"444f3c91\" data-element_type=\"widget\" data-e-type=\"widget\" data-widget_type=\"text-editor.default\">\n\t\t\t\t<div class=\"elementor-widget-container\">\n\t\t\t\t\t\t\t\t\t<p class=\"translation-block\"><strong>Radiocom S.A.S<\/strong> has been working since 2017 together with the American company<a href=\"https:\/\/www.flashtechnology.com\/obstruction-lighting\/\" target=\"_self\"><strong><span style=\"text-decoration: underline\"> Flash Technology<\/span><\/strong><\/a> (founded in 1970 and with more than 43,000 systems installed around the world) with the objective of providing the service <strong>Beaconing and obstruction lights<\/strong> for communication towers, electrical transmission towers, bridges, buildings and wind farms in Colombia.<\/p><p class=\"translation-block\">In 2019, Radiocom successfully installed a preventive lighting system for the electrical transmission towers near the Los Garzones Airport in Monteria. Thanks to the fact that our lights meet all <strong>ICAO<\/strong> and <strong>FAA<\/strong> requirements, our system was successfully approved by the <strong>Aeronautica Civil de Colombia<\/strong>.<\/p>\t\t\t\t\t\t\t\t<\/div>\n\t\t\t\t<\/div>\n\t\t\t\t<\/div>\n\t\t\t\t\t<\/div>\n\t\t\t\t<\/div>\n\t\t<div data-particle_enable=\"false\" data-particle-mobile-disabled=\"false\" class=\"elementor-element elementor-element-db76fe6 e-flex e-con-boxed e-con e-parent\" data-id=\"db76fe6\" data-element_type=\"container\" data-e-type=\"container\" data-settings=\"{&quot;background_background&quot;:&quot;classic&quot;}\">\n\t\t\t\t\t<div class=\"e-con-inner\">\n\t\t<div data-particle_enable=\"false\" data-particle-mobile-disabled=\"false\" class=\"elementor-element elementor-element-e7b341a e-con-full e-flex e-con e-child\" data-id=\"e7b341a\" data-element_type=\"container\" data-e-type=\"container\">\n\t\t\t\t<div class=\"elementor-element elementor-element-17f9f13b elementor-widget elementor-widget-image\" data-id=\"17f9f13b\" data-element_type=\"widget\" data-e-type=\"widget\" data-widget_type=\"image.default\">\n\t\t\t\t<div class=\"elementor-widget-container\">\n\t\t\t\t\t\t\t\t\t\t\t\t\t\t\t<img decoding=\"async\" width=\"358\" height=\"315\" src=\"https:\/\/radiocom.com.co\/wp-content\/uploads\/BALIZAJE.webp\" class=\"attachment-full size-full wp-image-1486\" alt=\"Balizamiento - Luces de Balizaje en pista\" srcset=\"https:\/\/radiocom.com.co\/wp-content\/uploads\/BALIZAJE.webp 358w, https:\/\/radiocom.com.co\/wp-content\/uploads\/BALIZAJE-300x264.webp 300w, https:\/\/radiocom.com.co\/wp-content\/uploads\/BALIZAJE-14x12.webp 14w\" sizes=\"(max-width: 358px) 100vw, 358px\" \/>\t\t\t\t\t\t\t\t\t\t\t\t\t\t\t<\/div>\n\t\t\t\t<\/div>\n\t\t\t\t<\/div>\n\t\t<div data-particle_enable=\"false\" data-particle-mobile-disabled=\"false\" class=\"elementor-element elementor-element-b5584f1 e-con-full e-flex e-con e-child\" data-id=\"b5584f1\" data-element_type=\"container\" data-e-type=\"container\">\n\t\t\t\t<div class=\"elementor-element elementor-element-10af4816 elementor-widget elementor-widget-heading\" data-id=\"10af4816\" data-element_type=\"widget\" data-e-type=\"widget\" data-widget_type=\"heading.default\">\n\t\t\t\t<div class=\"elementor-widget-container\">\n\t\t\t\t\t<h2 class=\"elementor-heading-title elementor-size-default\">Runway Marking System<\/h2>\t\t\t\t<\/div>\n\t\t\t\t<\/div>\n\t\t\t\t<div class=\"elementor-element elementor-element-24d9faca elementor-widget elementor-widget-text-editor\" data-id=\"24d9faca\" data-element_type=\"widget\" data-e-type=\"widget\" data-widget_type=\"text-editor.default\">\n\t\t\t\t<div class=\"elementor-widget-container\">\n\t\t\t\t\t\t\t\t\t<p class=\"translation-block\">With more than 10 years of experience, Radiocom S.A.S has qualified personnel and sufficient experience to successfully install runway marking systems such as edge lights, threshold and wing bar, threshold identification, center, TDZ and displaced threshold. , identifying the number of these depending on the type of runway, whether IFR (Instrumental Flight Rules) or VFR (Visual Flight Rules). With the support of our overseas partners, we have successfully completed more than 6 beacon projects.<\/p>\t\t\t\t\t\t\t\t<\/div>\n\t\t\t\t<\/div>\n\t\t\t\t<\/div>\n\t\t\t\t\t<\/div>\n\t\t\t\t<\/div>\n\t\t<div data-particle_enable=\"false\" data-particle-mobile-disabled=\"false\" class=\"elementor-element elementor-element-64043d6f e-flex e-con-boxed e-con e-parent\" data-id=\"64043d6f\" data-element_type=\"container\" data-e-type=\"container\" data-settings=\"{&quot;background_background&quot;:&quot;classic&quot;}\">\n\t\t\t\t\t<div class=\"e-con-inner\">\n\t\t<div data-particle_enable=\"false\" data-particle-mobile-disabled=\"false\" class=\"elementor-element elementor-element-73e49a20 e-con-full e-flex e-con e-child\" data-id=\"73e49a20\" data-element_type=\"container\" data-e-type=\"container\" data-settings=\"{&quot;background_background&quot;:&quot;classic&quot;}\">\n\t\t\t\t<div class=\"elementor-element elementor-element-41897ddc elementor-widget elementor-widget-heading\" data-id=\"41897ddc\" data-element_type=\"widget\" data-e-type=\"widget\" data-widget_type=\"heading.default\">\n\t\t\t\t<div class=\"elementor-widget-container\">\n\t\t\t\t\t<h2 class=\"elementor-heading-title elementor-size-default\">PAPI Approach Systems<\/h2>\t\t\t\t<\/div>\n\t\t\t\t<\/div>\n\t\t\t\t<div class=\"elementor-element elementor-element-4342e1ce elementor-widget elementor-widget-text-editor\" data-id=\"4342e1ce\" data-element_type=\"widget\" data-e-type=\"widget\" data-widget_type=\"text-editor.default\">\n\t\t\t\t<div class=\"elementor-widget-container\">\n\t\t\t\t\t\t\t\t\t<p class=\"translation-block\">Main equipment of the lighting approach system (PAPI) for airports and heliports. The glide signal device is determined by marking the descent path for airplanes or helicopters at the time of landing at the airport. The pilot obtains information about the slope of the descent path based on the lights on on the <strong>PAPI equipment<\/strong>.<\/p>\t\t\t\t\t\t\t\t<\/div>\n\t\t\t\t<\/div>\n\t\t\t\t<\/div>\n\t\t<div data-particle_enable=\"false\" data-particle-mobile-disabled=\"false\" class=\"elementor-element elementor-element-634260d0 e-con-full e-flex e-con e-child\" data-id=\"634260d0\" data-element_type=\"container\" data-e-type=\"container\">\n\t\t\t\t<div class=\"elementor-element elementor-element-8383a46 elementor-widget elementor-widget-image\" data-id=\"8383a46\" data-element_type=\"widget\" data-e-type=\"widget\" data-widget_type=\"image.default\">\n\t\t\t\t<div class=\"elementor-widget-container\">\n\t\t\t\t\t\t\t\t\t\t\t\t\t\t\t<img decoding=\"async\" width=\"358\" height=\"315\" src=\"https:\/\/radiocom.com.co\/wp-content\/uploads\/PAPI.webp\" class=\"attachment-full size-full wp-image-1488\" alt=\"luces de obstrucci\u00f3n - Luces PAPI\" srcset=\"https:\/\/radiocom.com.co\/wp-content\/uploads\/PAPI.webp 358w, https:\/\/radiocom.com.co\/wp-content\/uploads\/PAPI-300x264.webp 300w, https:\/\/radiocom.com.co\/wp-content\/uploads\/PAPI-14x12.webp 14w\" sizes=\"(max-width: 358px) 100vw, 358px\" \/>\t\t\t\t\t\t\t\t\t\t\t\t\t\t\t<\/div>\n\t\t\t\t<\/div>\n\t\t\t\t<\/div>\n\t\t\t\t\t<\/div>\n\t\t\t\t<\/div>\n\t\t<div data-particle_enable=\"false\" data-particle-mobile-disabled=\"false\" class=\"elementor-element elementor-element-fee676a e-flex e-con-boxed e-con e-parent\" data-id=\"fee676a\" data-element_type=\"container\" data-e-type=\"container\">\n\t\t\t\t\t<div class=\"e-con-inner\">\n\t\t\t\t<div class=\"elementor-element elementor-element-05eb3c9 elementor-widget elementor-widget-text-editor\" data-id=\"05eb3c9\" data-element_type=\"widget\" data-e-type=\"widget\" data-widget_type=\"text-editor.default\">\n\t\t\t\t<div class=\"elementor-widget-container\">\n\t\t\t\t\t\t\t\t\t<p><a href=\"https:\/\/radiocom.com.co\/en\/servicios-radiocom\/\"><strong><span style=\"text-decoration: underline;\">More Services...<\/span><\/strong><\/a><\/p>\t\t\t\t\t\t\t\t<\/div>\n\t\t\t\t<\/div>\n\t\t\t\t\t<\/div>\n\t\t\t\t<\/div>\n\t\t\t\t<\/div>","protected":false},"excerpt":{"rendered":"<p>Sistemas de iluminaci\u00f3n de obstrucci\u00f3n de telecomunicaciones Radiocom S.A.S trabaja desde el a\u00f1o 2017 junto con la compa\u00f1\u00eda Americana Flash Technology (fundada en 1970 y con mas de 43,000 sistemas instalados alrededor del mundo) con el objetivo de prestar el servicio Balizamiento y luces de obstrucci\u00f3n para torres de comunicaci\u00f3n, torres de transmisi\u00f3n el\u00e9ctrica, puentes, [&hellip;]<\/p>","protected":false},"author":1,"featured_media":0,"parent":112,"menu_order":0,"comment_status":"closed","ping_status":"closed","template":"elementor_header_footer","meta":{"_joinchat":[],"footnotes":""},"class_list":["post-291","page","type-page","status-publish","hentry"],"_hostinger_reach_plugin_has_subscription_block":false,"_hostinger_reach_plugin_is_elementor":false,"_links":{"self":[{"href":"https:\/\/radiocom.com.co\/en\/wp-json\/wp\/v2\/pages\/291","targetHints":{"allow":["GET"]}}],"collection":[{"href":"https:\/\/radiocom.com.co\/en\/wp-json\/wp\/v2\/pages"}],"about":[{"href":"https:\/\/radiocom.com.co\/en\/wp-json\/wp\/v2\/types\/page"}],"author":[{"embeddable":true,"href":"https:\/\/radiocom.com.co\/en\/wp-json\/wp\/v2\/users\/1"}],"replies":[{"embeddable":true,"href":"https:\/\/radiocom.com.co\/en\/wp-json\/wp\/v2\/comments?post=291"}],"version-history":[{"count":37,"href":"https:\/\/radiocom.com.co\/en\/wp-json\/wp\/v2\/pages\/291\/revisions"}],"predecessor-version":[{"id":2405,"href":"https:\/\/radiocom.com.co\/en\/wp-json\/wp\/v2\/pages\/291\/revisions\/2405"}],"up":[{"embeddable":true,"href":"https:\/\/radiocom.com.co\/en\/wp-json\/wp\/v2\/pages\/112"}],"wp:attachment":[{"href":"https:\/\/radiocom.com.co\/en\/wp-json\/wp\/v2\/media?parent=291"}],"curies":[{"name":"wp","href":"https:\/\/api.w.org\/{rel}","templated":true}]}}