{"id":2435,"date":"2026-02-06T15:09:42","date_gmt":"2026-02-06T20:09:42","guid":{"rendered":"https:\/\/radiocom.com.co\/?post_type=product&#038;p=2435"},"modified":"2026-02-06T15:09:42","modified_gmt":"2026-02-06T20:09:42","slug":"modulo-transceptor-sfp-monomodo-35-28-usd","status":"publish","type":"product","link":"https:\/\/radiocom.com.co\/en\/product\/modulo-transceptor-sfp-monomodo-35-28-usd\/","title":{"rendered":"Modulo Transceptor SFP Monomodo <br><b style=\"color:#0E2288\">$35.28 USD<\/b>"},"content":{"rendered":"<p data-start=\"263\" data-end=\"601\">El <strong data-start=\"266\" data-end=\"327\">m\u00f3dulo SFP monomodo de 1.25 Gbps y alcance de hasta 80 km<\/strong> es una soluci\u00f3n confiable y de alto rendimiento para la transmisi\u00f3n de datos en redes de fibra \u00f3ptica de larga distancia. Est\u00e1 dise\u00f1ado para aplicaciones FTTH, telecomunicaciones, enlaces troncales y redes de acceso que requieren estabilidad, compatibilidad y gran alcance.<\/p>\n<p data-start=\"603\" data-end=\"938\">Este m\u00f3dulo SFP utiliza <strong data-start=\"627\" data-end=\"651\">conectores LC d\u00faplex<\/strong> y opera sobre <strong data-start=\"666\" data-end=\"684\">fibra monomodo<\/strong>, permitiendo transmisiones eficientes en enlaces de hasta 80 kil\u00f3metros, dependiendo del presupuesto \u00f3ptico y la calidad de la fibra instalada. Es compatible con equipos de red como switches, routers y OLTs que cuenten con puertos SFP est\u00e1ndar de 1.25G.<\/p>\n<p data-start=\"940\" data-end=\"1131\">Gracias a su dise\u00f1o <strong data-start=\"960\" data-end=\"977\">hot-pluggable<\/strong>, el m\u00f3dulo puede instalarse o reemplazarse sin necesidad de apagar el equipo, facilitando el mantenimiento y reduciendo tiempos de intervenci\u00f3n en campo.<\/p>\n<h2 data-start=\"1140\" data-end=\"1198\">Especificaciones del m\u00f3dulo SFP 1.25G 80 km LC d\u00faplex<\/h2>\n<ul data-start=\"1200\" data-end=\"1576\">\n<li data-start=\"1200\" data-end=\"1226\">\n<p data-start=\"1202\" data-end=\"1226\">Velocidad: <strong data-start=\"1213\" data-end=\"1226\">1.25 Gbps<\/strong><\/p>\n<\/li>\n<li data-start=\"1227\" data-end=\"1256\">\n<p data-start=\"1229\" data-end=\"1256\">Tipo de fibra: <strong data-start=\"1244\" data-end=\"1256\">Monomodo<\/strong><\/p>\n<\/li>\n<li data-start=\"1257\" data-end=\"1290\">\n<p data-start=\"1259\" data-end=\"1290\">Alcance m\u00e1ximo: <strong data-start=\"1275\" data-end=\"1290\">Hasta 80 km<\/strong><\/p>\n<\/li>\n<li data-start=\"1291\" data-end=\"1324\">\n<p data-start=\"1293\" data-end=\"1324\">Tipo de conector: <strong data-start=\"1311\" data-end=\"1324\">LC d\u00faplex<\/strong><\/p>\n<\/li>\n<li data-start=\"1325\" data-end=\"1410\">\n<p data-start=\"1327\" data-end=\"1344\">Longitud de onda:<\/p>\n<ul data-start=\"1347\" data-end=\"1410\">\n<li data-start=\"1347\" data-end=\"1378\">\n<p data-start=\"1349\" data-end=\"1378\">Transmisi\u00f3n (TX): <strong data-start=\"1367\" data-end=\"1378\">1550 nm<\/strong><\/p>\n<\/li>\n<li data-start=\"1381\" data-end=\"1410\">\n<p data-start=\"1383\" data-end=\"1410\">Recepci\u00f3n (RX): <strong data-start=\"1399\" data-end=\"1410\">1550 nm<\/strong><\/p>\n<\/li>\n<\/ul>\n<\/li>\n<li data-start=\"1411\" data-end=\"1460\">\n<p data-start=\"1413\" data-end=\"1460\">Est\u00e1ndar: <strong data-start=\"1423\" data-end=\"1460\">SFP (Small Form-factor Pluggable)<\/strong><\/p>\n<\/li>\n<li data-start=\"1461\" data-end=\"1493\">\n<p data-start=\"1463\" data-end=\"1493\">Instalaci\u00f3n: <strong data-start=\"1476\" data-end=\"1493\">Hot-swappable<\/strong><\/p>\n<\/li>\n<li data-start=\"1494\" data-end=\"1576\">\n<p data-start=\"1496\" data-end=\"1576\">Compatibilidad: Switches, routers y equipos de telecomunicaciones con puerto SFP<\/p>\n<\/li>\n<\/ul>\n<h2 data-start=\"1583\" data-end=\"1613\">Beneficios del m\u00f3dulo SFP<\/h2>\n<ul data-start=\"1615\" data-end=\"1912\">\n<li data-start=\"1615\" data-end=\"1672\">\n<p data-start=\"1617\" data-end=\"1672\">Ideal para <strong data-start=\"1628\" data-end=\"1658\">enlaces de larga distancia<\/strong> en redes FTTH<\/p>\n<\/li>\n<li data-start=\"1673\" data-end=\"1707\">\n<p data-start=\"1675\" data-end=\"1707\">Conectividad estable y confiable<\/p>\n<\/li>\n<li data-start=\"1708\" data-end=\"1758\">\n<p data-start=\"1710\" data-end=\"1758\">Compatible con infraestructura de fibra monomodo<\/p>\n<\/li>\n<li data-start=\"1759\" data-end=\"1802\">\n<p data-start=\"1761\" data-end=\"1802\">Facilita expansi\u00f3n y mantenimiento de red<\/p>\n<\/li>\n<li data-start=\"1803\" data-end=\"1853\">\n<p data-start=\"1805\" data-end=\"1853\">Instalaci\u00f3n r\u00e1pida sin interrupci\u00f3n del servicio<\/p>\n<\/li>\n<li data-start=\"1854\" data-end=\"1912\">\n<p data-start=\"1856\" data-end=\"1912\">Soluci\u00f3n eficiente para backbone y enlaces punto a punto<\/p>\n<\/li>\n<\/ul>\n<h2 data-start=\"1919\" data-end=\"1936\"><\/h2>\n<h2 data-start=\"1919\" data-end=\"1936\">Aplicaciones<\/h2>\n<ul data-start=\"1938\" data-end=\"2083\">\n<li data-start=\"1938\" data-end=\"1954\">\n<p data-start=\"1940\" data-end=\"1954\">Redes <strong data-start=\"1946\" data-end=\"1954\">FTTH<\/strong><\/p>\n<\/li>\n<li data-start=\"1955\" data-end=\"1975\">\n<p data-start=\"1957\" data-end=\"1975\">Telecommunications Experiences<\/p>\n<\/li>\n<li data-start=\"1976\" data-end=\"2014\">\n<p data-start=\"1978\" data-end=\"2014\">Enlaces troncales de larga distancia<\/p>\n<\/li>\n<li data-start=\"2015\" data-end=\"2047\">\n<p data-start=\"2017\" data-end=\"2047\">Redes de acceso y distribuci\u00f3n<\/p>\n<\/li>\n<li data-start=\"2048\" data-end=\"2083\">\n<p data-start=\"2050\" data-end=\"2083\">Proyectos ISP y operadores de red<\/p>\n<\/li>\n<\/ul>","protected":false},"excerpt":{"rendered":"<p>El <strong data-start=\"3\" data-end=\"64\">m\u00f3dulo SFP monomodo de 1.25 Gbps y alcance de hasta 80 km<\/strong>, con <strong data-start=\"70\" data-end=\"92\">conector LC d\u00faplex<\/strong>, es una soluci\u00f3n confiable para enlaces de larga distancia en redes FTTH y telecomunicaciones. Dise\u00f1ado para operar sobre fibra monomodo, ofrece transmisi\u00f3n estable y eficiente en switches y routers con puertos SFP est\u00e1ndar, incorporando dise\u00f1o hot-pluggable que facilita una instalaci\u00f3n r\u00e1pida, mantenimiento sencillo y alta compatibilidad en proyectos de acceso y backbone de red.<\/p>","protected":false},"featured_media":2436,"comment_status":"closed","ping_status":"closed","template":"","meta":{"_joinchat":[]},"product_brand":[],"product_cat":[15],"product_tag":[],"class_list":{"0":"post-2435","1":"product","2":"type-product","3":"status-publish","4":"has-post-thumbnail","6":"product_cat-accesorios-fibra-optica","8":"first","9":"instock","10":"taxable","11":"shipping-taxable","12":"purchasable","13":"product-type-simple"},"_links":{"self":[{"href":"https:\/\/radiocom.com.co\/en\/wp-json\/wp\/v2\/product\/2435","targetHints":{"allow":["GET"]}}],"collection":[{"href":"https:\/\/radiocom.com.co\/en\/wp-json\/wp\/v2\/product"}],"about":[{"href":"https:\/\/radiocom.com.co\/en\/wp-json\/wp\/v2\/types\/product"}],"replies":[{"embeddable":true,"href":"https:\/\/radiocom.com.co\/en\/wp-json\/wp\/v2\/comments?post=2435"}],"wp:featuredmedia":[{"embeddable":true,"href":"https:\/\/radiocom.com.co\/en\/wp-json\/wp\/v2\/media\/2436"}],"wp:attachment":[{"href":"https:\/\/radiocom.com.co\/en\/wp-json\/wp\/v2\/media?parent=2435"}],"wp:term":[{"taxonomy":"product_brand","embeddable":true,"href":"https:\/\/radiocom.com.co\/en\/wp-json\/wp\/v2\/product_brand?post=2435"},{"taxonomy":"product_cat","embeddable":true,"href":"https:\/\/radiocom.com.co\/en\/wp-json\/wp\/v2\/product_cat?post=2435"},{"taxonomy":"product_tag","embeddable":true,"href":"https:\/\/radiocom.com.co\/en\/wp-json\/wp\/v2\/product_tag?post=2435"}],"curies":[{"name":"wp","href":"https:\/\/api.w.org\/{rel}","templated":true}]}}