{"id":257,"date":"2024-05-07T17:48:21","date_gmt":"2024-05-07T22:48:21","guid":{"rendered":"https:\/\/radiocom.com.co\/?post_type=product&#038;p=257"},"modified":"2025-05-21T11:39:52","modified_gmt":"2025-05-21T16:39:52","slug":"pigtail-multimodo-sc-upc-om-4-lszh-1m","status":"publish","type":"product","link":"https:\/\/radiocom.com.co\/en\/product\/pigtail-multimodo-sc-upc-om-4-lszh-1m\/","title":{"rendered":"Pigtail multimodo SC\/UPC OM-4 LSZH 1m<br><b style=\"color:#0E2288\">$3.19 USD<\/b>"},"content":{"rendered":"<p>El <strong data-start=\"207\" data-end=\"258\">pigtail multimodo SC\/UPC 0.9mm OM-4 LSZH de fibra \u00f3ptica<\/strong>, con chaqueta de color <strong data-start=\"282\" data-end=\"290\">aqua<\/strong>, est\u00e1 dise\u00f1ado para conexiones de alto rendimiento en redes \u00f3pticas que requieren alta velocidad y confiabilidad. Fabricado con <strong data-start=\"419\" data-end=\"432\">fibra OM4<\/strong>, es ideal para aplicaciones de 10G, 40G y 100G a corta distancia. Su cubierta <strong data-start=\"511\" data-end=\"519\">LSZH<\/strong> (Low Smoke Zero Halogen) lo hace seguro para instalaciones en interiores, ya que reduce la emisi\u00f3n de humos y gases t\u00f3xicos en caso de incendio. El color aqua facilita la identificaci\u00f3n del tipo de fibra en instalaciones profesionales.<\/p>\n<hr \/>\n<h2>Caracter\u00edsticas t\u00e9cnicas:<\/h2>\n<ul>\n<li class=\"\" data-start=\"801\" data-end=\"849\">\n<p class=\"\" data-start=\"803\" data-end=\"849\"><strong data-start=\"803\" data-end=\"821\">Tipo de fibra:<\/strong> Multimodo OM4 (50\/125 \u00b5m)<\/p>\n<\/li>\n<li class=\"\" data-start=\"850\" data-end=\"875\">\n<p class=\"\" data-start=\"852\" data-end=\"875\"><strong data-start=\"852\" data-end=\"865\">Longitud:<\/strong> 1 metro<\/p>\n<\/li>\n<li class=\"\" data-start=\"876\" data-end=\"900\">\n<p class=\"\" data-start=\"878\" data-end=\"900\"><strong data-start=\"878\" data-end=\"891\">Conector:<\/strong> SC\/UPC<\/p>\n<\/li>\n<li class=\"\" data-start=\"901\" data-end=\"943\">\n<p class=\"\" data-start=\"903\" data-end=\"943\"><strong data-start=\"903\" data-end=\"934\">Di\u00e1metro del revestimiento:<\/strong> 0.9 mm<\/p>\n<\/li>\n<li class=\"\" data-start=\"944\" data-end=\"1025\">\n<p class=\"\" data-start=\"946\" data-end=\"1025\"><strong data-start=\"946\" data-end=\"974\">Material de la cubierta:<\/strong> LSZH (baja emisi\u00f3n de humos, libre de hal\u00f3genos)<\/p>\n<\/li>\n<li class=\"\" data-start=\"1026\" data-end=\"1096\">\n<p class=\"\" data-start=\"1028\" data-end=\"1096\"><strong data-start=\"1028\" data-end=\"1053\">Color de la chaqueta:<\/strong> Aqua (est\u00e1ndar para fibra multimodo OM4)<\/p>\n<\/li>\n<li class=\"\" data-start=\"1097\" data-end=\"1135\">\n<p class=\"\" data-start=\"1099\" data-end=\"1135\"><strong data-start=\"1099\" data-end=\"1124\">P\u00e9rdida de inserci\u00f3n:<\/strong> \u2264 0.3 dB<\/p>\n<\/li>\n<li class=\"\" data-start=\"1136\" data-end=\"1171\">\n<p class=\"\" data-start=\"1138\" data-end=\"1171\"><strong data-start=\"1138\" data-end=\"1161\">P\u00e9rdida de retorno:<\/strong> \u2265 35 dB<\/p>\n<\/li>\n<li class=\"\" data-start=\"1172\" data-end=\"1217\">\n<p class=\"\" data-start=\"1174\" data-end=\"1217\"><strong data-start=\"1174\" data-end=\"1200\">Temperatura operativa:<\/strong> -20 \u00b0C a 70 \u00b0C<\/p>\n<\/li>\n<\/ul>\n<hr \/>\n<h2>Aplicaciones:<\/h2>\n<ul>\n<li class=\"\" data-start=\"1252\" data-end=\"1305\">\n<p class=\"\" data-start=\"1254\" data-end=\"1305\">Redes de centros de datos y cableado estructurado.<\/p>\n<\/li>\n<li class=\"\" data-start=\"1306\" data-end=\"1342\">\n<p class=\"\" data-start=\"1308\" data-end=\"1342\">Sistemas LAN de alto rendimiento.<\/p>\n<\/li>\n<li class=\"\" data-start=\"1343\" data-end=\"1393\">\n<p class=\"\" data-start=\"1345\" data-end=\"1393\">Backbones \u00f3pticos empresariales e industriales.<\/p>\n<\/li>\n<li class=\"\" data-start=\"1394\" data-end=\"1438\">\n<p class=\"\" data-start=\"1396\" data-end=\"1438\">Instalaciones FTTO (Fiber to the Office)<\/p>\n<\/li>\n<li class=\"\" data-start=\"1439\" data-end=\"1504\">\n<p class=\"\" data-start=\"1441\" data-end=\"1504\">Empalmes por fusi\u00f3n en bandejas \u00f3pticas y cajas de distribuci\u00f3n.<\/p>\n<\/li>\n<\/ul>\n<hr \/>\n<h2>Compatibilidad:<\/h2>\n<ul>\n<li class=\"\" data-start=\"1540\" data-end=\"1614\">\n<p class=\"\" data-start=\"1542\" data-end=\"1614\">Compatible con adaptadores y acopladores <strong data-start=\"1583\" data-end=\"1612\">SC\/UPC multimodo est\u00e1ndar.<\/strong><\/p>\n<\/li>\n<li class=\"\" data-start=\"1615\" data-end=\"1710\">\n<p class=\"\" data-start=\"1617\" data-end=\"1710\">Se integra f\u00e1cilmente en <strong data-start=\"1642\" data-end=\"1708\">ODF, cajas de empalme, paneles \u00f3pticos y racks de distribuci\u00f3n.<\/strong><\/p>\n<\/li>\n<li class=\"\" data-start=\"1711\" data-end=\"1770\">\n<p class=\"\" data-start=\"1713\" data-end=\"1770\">Compatible con fibras OM3 y OM4 bajo normativas TIA\/EIA.<\/p>\n<\/li>\n<li class=\"\" data-start=\"1771\" data-end=\"1836\">\n<p class=\"\" data-start=\"1773\" data-end=\"1836\">Ideal para uso con equipos de testeo \u00f3ptico y empalmadoras SC.<\/p>\n<\/li>\n<\/ul>\n<hr \/>\n<h2>Preguntas frecuentes:<\/h2>\n<h3 class=\"\" data-start=\"175\" data-end=\"261\">\u27531. \u00bfEste pigtail multimodo SC\/UPC OM4 es adecuado para instalaciones en centros de datos?<\/h3>\n<p class=\"\" data-start=\"262\" data-end=\"498\">S\u00ed. Este pigtail multimodo SC\/UPC 0.9MM OM-4 LSZH est\u00e1 fabricado con <strong data-start=\"298\" data-end=\"328\">fibra \u00f3ptica multimodo OM4<\/strong>, lo que lo hace ideal para instalaciones de <strong data-start=\"373\" data-end=\"409\">alta densidad y alto rendimiento<\/strong> en centros de datos, especialmente para enlaces de 10G, 40G y 100G en distancias cortas.<\/p>\n<h3 class=\"\" data-start=\"505\" data-end=\"569\">\u27532. \u00bfQu\u00e9 ventajas ofrece la cubierta LSZH en este pigtail?<\/h3>\n<p class=\"\" data-start=\"570\" data-end=\"829\">La cubierta <strong data-start=\"582\" data-end=\"615\">LSZH (Low Smoke Zero Halogen)<\/strong> proporciona una <strong data-start=\"632\" data-end=\"671\">mayor seguridad en caso de incendio<\/strong>, ya que <strong data-start=\"680\" data-end=\"721\">no libera gases t\u00f3xicos ni humo denso<\/strong>. Es ideal para entornos cerrados como edificios corporativos, racks de telecomunicaciones y salas t\u00e9cnicas.<\/p>\n<p>&nbsp;<\/p>","protected":false},"excerpt":{"rendered":"<p>El <strong data-start=\"207\" data-end=\"258\">pigtail multimodo SC\/UPC 0.9mm OM-4 LSZH de fibra \u00f3ptica<\/strong>, con chaqueta de color <strong data-start=\"282\" data-end=\"290\">aqua<\/strong>, est\u00e1 dise\u00f1ado para conexiones de alto rendimiento en redes \u00f3pticas que requieren alta velocidad y confiabilidad.<\/p>","protected":false},"featured_media":2028,"comment_status":"open","ping_status":"closed","template":"","meta":{"_joinchat":[]},"product_brand":[],"product_cat":[19],"product_tag":[],"class_list":{"0":"post-257","1":"product","2":"type-product","3":"status-publish","4":"has-post-thumbnail","6":"product_cat-pigtail","8":"first","9":"instock","10":"taxable","11":"shipping-taxable","12":"purchasable","13":"product-type-simple"},"_links":{"self":[{"href":"https:\/\/radiocom.com.co\/en\/wp-json\/wp\/v2\/product\/257","targetHints":{"allow":["GET"]}}],"collection":[{"href":"https:\/\/radiocom.com.co\/en\/wp-json\/wp\/v2\/product"}],"about":[{"href":"https:\/\/radiocom.com.co\/en\/wp-json\/wp\/v2\/types\/product"}],"replies":[{"embeddable":true,"href":"https:\/\/radiocom.com.co\/en\/wp-json\/wp\/v2\/comments?post=257"}],"wp:featuredmedia":[{"embeddable":true,"href":"https:\/\/radiocom.com.co\/en\/wp-json\/wp\/v2\/media\/2028"}],"wp:attachment":[{"href":"https:\/\/radiocom.com.co\/en\/wp-json\/wp\/v2\/media?parent=257"}],"wp:term":[{"taxonomy":"product_brand","embeddable":true,"href":"https:\/\/radiocom.com.co\/en\/wp-json\/wp\/v2\/product_brand?post=257"},{"taxonomy":"product_cat","embeddable":true,"href":"https:\/\/radiocom.com.co\/en\/wp-json\/wp\/v2\/product_cat?post=257"},{"taxonomy":"product_tag","embeddable":true,"href":"https:\/\/radiocom.com.co\/en\/wp-json\/wp\/v2\/product_tag?post=257"}],"curies":[{"name":"wp","href":"https:\/\/api.w.org\/{rel}","templated":true}]}}