{"id":478,"date":"2024-05-09T18:10:20","date_gmt":"2024-05-09T23:10:20","guid":{"rendered":"https:\/\/radiocom.com.co\/?post_type=product&#038;p=478"},"modified":"2026-03-16T11:49:38","modified_gmt":"2026-03-16T16:49:38","slug":"metalic-odf-x-24-cores-sc","status":"publish","type":"product","link":"https:\/\/radiocom.com.co\/en\/product\/metalic-odf-x-24-cores-sc\/","title":{"rendered":"METALIC ODF X 24 CORES LC\/SC DUPLEX<br><b style=\"color:#0E2288\">$86.40 USD<\/b>"},"content":{"rendered":"<p>El <strong>ODF Met\u00e1lico para 24 Fibras LC\/SC Duplex<\/strong> ofrece una soluci\u00f3n eficiente para la gesti\u00f3n y organizaci\u00f3n de conexiones de fibra \u00f3ptica en aplicaciones de redes. Este panel de distribuci\u00f3n de fibra \u00f3ptica incluye un panel de 24 adaptadores LC\/UPC o SC\/UPC, permitiendo la terminaci\u00f3n y protecci\u00f3n de hasta 24 fibras en configuraci\u00f3n duplex. Su construcci\u00f3n met\u00e1lica robusta y su dise\u00f1o de 1U montable en rack de 19&#8243; garantizan durabilidad y seguridad en entornos cr\u00edticos, facilitando la instalaci\u00f3n y el mantenimiento.<\/p>","protected":false},"excerpt":{"rendered":"<p>El ODF Met\u00e1lico para 24 Fibras LC\/SC Duplex ofrece una soluci\u00f3n eficiente para la gesti\u00f3n y organizaci\u00f3n de conexiones de fibra \u00f3ptica en aplicaciones de redes. Este panel de distribuci\u00f3n de fibra \u00f3ptica incluye un panel de 24 adaptadores LC\/UPC o SC\/UPC, permitiendo la terminaci\u00f3n y protecci\u00f3n de hasta 24 fibras en configuraci\u00f3n duplex. Su [&hellip;]<\/p>","protected":false},"featured_media":1078,"comment_status":"closed","ping_status":"closed","template":"","meta":{"_joinchat":[]},"product_brand":[],"product_cat":[21],"product_tag":[],"class_list":{"0":"post-478","1":"product","2":"type-product","3":"status-publish","4":"has-post-thumbnail","6":"product_cat-odf-fibra-optica","8":"first","9":"instock","10":"taxable","11":"shipping-taxable","12":"purchasable","13":"product-type-simple"},"_links":{"self":[{"href":"https:\/\/radiocom.com.co\/en\/wp-json\/wp\/v2\/product\/478","targetHints":{"allow":["GET"]}}],"collection":[{"href":"https:\/\/radiocom.com.co\/en\/wp-json\/wp\/v2\/product"}],"about":[{"href":"https:\/\/radiocom.com.co\/en\/wp-json\/wp\/v2\/types\/product"}],"replies":[{"embeddable":true,"href":"https:\/\/radiocom.com.co\/en\/wp-json\/wp\/v2\/comments?post=478"}],"wp:featuredmedia":[{"embeddable":true,"href":"https:\/\/radiocom.com.co\/en\/wp-json\/wp\/v2\/media\/1078"}],"wp:attachment":[{"href":"https:\/\/radiocom.com.co\/en\/wp-json\/wp\/v2\/media?parent=478"}],"wp:term":[{"taxonomy":"product_brand","embeddable":true,"href":"https:\/\/radiocom.com.co\/en\/wp-json\/wp\/v2\/product_brand?post=478"},{"taxonomy":"product_cat","embeddable":true,"href":"https:\/\/radiocom.com.co\/en\/wp-json\/wp\/v2\/product_cat?post=478"},{"taxonomy":"product_tag","embeddable":true,"href":"https:\/\/radiocom.com.co\/en\/wp-json\/wp\/v2\/product_tag?post=478"}],"curies":[{"name":"wp","href":"https:\/\/api.w.org\/{rel}","templated":true}]}}